{"id":2781,"date":"2023-05-16T11:00:16","date_gmt":"2023-05-16T09:00:16","guid":{"rendered":"https:\/\/notion.ch\/privacy-policy\/"},"modified":"2024-02-22T10:27:57","modified_gmt":"2024-02-22T09:27:57","slug":"privacy-policy","status":"publish","type":"page","link":"https:\/\/notion.ch\/de\/privacy-policy\/","title":{"rendered":"Privacy Policy"},"content":{"rendered":"\t\t<div data-elementor-type=\"wp-page\" data-elementor-id=\"2781\" class=\"elementor elementor-2781 elementor-1847\" data-elementor-post-type=\"page\">\n\t\t\t\t\t\t\t<div class=\"elementor-element elementor-element-4a4f864 e-flex e-con-boxed e-con e-parent\" data-id=\"4a4f864\" data-element_type=\"container\" data-settings=\"{&quot;content_width&quot;:&quot;boxed&quot;}\" data-core-v316-plus=\"true\">\n\t\t\t\t\t<div class=\"e-con-inner\">\n\t\t\t\t<div class=\"elementor-element elementor-element-fed6c61 elementor-widget elementor-widget-text-editor\" data-id=\"fed6c61\" data-element_type=\"widget\" data-widget_type=\"text-editor.default\">\n\t\t\t\t<div class=\"elementor-widget-container\">\n\t\t\t<style>\/*! elementor - v3.18.0 - 08-12-2023 *\/\n.elementor-widget-text-editor.elementor-drop-cap-view-stacked .elementor-drop-cap{background-color:#69727d;color:#fff}.elementor-widget-text-editor.elementor-drop-cap-view-framed .elementor-drop-cap{color:#69727d;border:3px solid;background-color:transparent}.elementor-widget-text-editor:not(.elementor-drop-cap-view-default) .elementor-drop-cap{margin-top:8px}.elementor-widget-text-editor:not(.elementor-drop-cap-view-default) .elementor-drop-cap-letter{width:1em;height:1em}.elementor-widget-text-editor .elementor-drop-cap{float:left;text-align:center;line-height:1;font-size:50px}.elementor-widget-text-editor .elementor-drop-cap-letter{display:inline-block}<\/style>\t\t\t\t<h2>Kontakt &amp; Eigent\u00fcmerschaft<\/h2><p>Diese Website ist Eigentum von und f\u00fcr ihren Inhalt verantwortlich:<\/p><p>MK Digital Growth<br \/>Haarlemmerweg 600<br \/>1014BL Amsterdam<br \/>Niederlande<\/p><p>growth@notion.ch<\/p><p>KVK: 91448603<br \/>BTW: NL004897300B09<\/p><h2>Datenschutzrichtlinien<\/h2><p>MK Digital Growth respektiert die Privatsph\u00e4re seiner Website-Besucher, insbesondere deren Rechte in Bezug auf die automatische Verarbeitung<br \/>von pers\u00f6nlichen Daten. Wir haben daher eine Politik der vollst\u00e4ndigen Transparenz gegen\u00fcber unseren Kunden formuliert und umgesetzt<br \/>in Bezug auf die Verarbeitung personenbezogener Daten, deren Zweck(e) und die M\u00f6glichkeiten zur Aus\u00fcbung Ihrer gesetzlichen Rechte auf die bestm\u00f6gliche<br \/>aus\u00fcben zu k\u00f6nnen.<\/p><p>Wenn Sie weitere Informationen \u00fcber den Schutz personenbezogener Daten ben\u00f6tigen, besuchen Sie bitte die Website der niederl\u00e4ndischen Datenschutzbeh\u00f6rde (Autoriteit Persoonsgegevens): https:\/\/autoriteitpersoonsgegevens.nl\/nl.<\/p><p>Solange Sie die Verwendung von Cookies und anderen Tracking-Ger\u00e4ten nicht akzeptieren, werden wir keine nicht-anonymisierten analytischen Cookies<br \/>und \/ oder Tracking-Cookies auf Ihrem Computer, Mobiltelefon oder Tablet.<br \/>Mit dem weiteren Besuch dieser Website akzeptieren Sie diese Nutzungsbedingungen und stimmen der Verwendung von Cookies und anderen\u00a0<br \/>Tracking-Systemen, es sei denn, wir haben auf unserer Website eine andere Methode zur Annahme von Cookies vorgesehen.<\/p><p>Die aktuell verf\u00fcgbare Version dieser Datenschutzrichtlinie ist die einzige Version, die beim Besuch unserer Website gilt, bis eine neue<br \/>Version die aktuelle Version ersetzt.<\/p><h3>Artikel 1 &#8211; Definitionen<\/h3><p>Website (im Folgenden: &#8220;Website&#8221;) notion.ch.<br \/>Verantwortlicher f\u00fcr die Verarbeitung personenbezogener Daten (im Folgenden: &#8220;der Verantwortliche&#8221;): MK Digital Growth, mit Sitz in<br \/>Haarlemmerweg 600, 1014BL Amsterdam, Niederlande, Handelskammernummer: 91448603.<\/p><h3>Artikel 2 &#8211; Zugang zur Website<\/h3><p>Der Zugriff auf die Website und ihre Nutzung sind streng pers\u00f6nlich. Sie werden es unterlassen, die Daten und Informationen dieser Website f\u00fcr Ihre eigenen<br \/>Website f\u00fcr eigene kommerzielle, politische oder Werbezwecke sowie f\u00fcr kommerzielle Angebote, insbesondere<br \/>insbesondere unaufgeforderte elektronische Angebote.<\/p><h3>Artikel 3 &#8211; Inhalt der Website<\/h3><p>Alle Marken, Bilder, Texte, Kommentare, Illustrationen (animierte) Bilder, Videobilder, Sounds und alle technischen<br \/>Anwendungen, die f\u00fcr den Betrieb dieser Website verwendet werden k\u00f6nnen, sowie generell alle auf dieser Website verwendeten Komponenten sind<br \/>durch die Gesetze zum Schutz des geistigen Eigentums gesch\u00fctzt. Jede Vervielf\u00e4ltigung, Wiederholung, Nutzung oder \u00c4nderung, gleich mit welchen Mitteln<br \/>oder eines Teils davon, einschlie\u00dflich der technischen Anwendungen, ist ohne vorherige schriftliche Genehmigung des<br \/>des f\u00fcr die Verarbeitung Verantwortlichen ist strengstens untersagt. Die Tatsache, dass der f\u00fcr die Verarbeitung Verantwortliche nicht sofort gegen jede Zuwiderhandlung vorgehen kann,<br \/>kann weder als stillschweigende Zustimmung noch als Verzicht auf die Verfolgung des Rechtsverletzers angesehen werden.<\/p><h3>Artikel 4 &#8211; Verwaltung der Website<\/h3><p>Zum Zwecke der ordnungsgem\u00e4\u00dfen Verwaltung der Website kann der f\u00fcr die Verarbeitung Verantwortliche jederzeit:<\/p><p>den Zugang zur Website f\u00fcr eine bestimmte Kategorie von Besuchern aussetzen, unterbrechen, einschr\u00e4nken oder verweigern<br \/>alle Informationen zu l\u00f6schen, die das Funktionieren der Website st\u00f6ren k\u00f6nnten oder gegen nationale oder<br \/>nationale oder internationale Gesetze oder die Internet-Etikette verletzen<br \/>die Website vor\u00fcbergehend nicht verf\u00fcgbar zu machen, um Aktualisierungen vorzunehmen.<\/p><h3>Artikel 5 &#8211; Verantwortlichkeiten<\/h3><p>Der f\u00fcr die Verarbeitung Verantwortliche haftet nicht f\u00fcr Ausf\u00e4lle, St\u00f6rungen, Schwierigkeiten oder Unterbrechungen im Betrieb der<br \/>Website, die die (vor\u00fcbergehende) Unzug\u00e4nglichkeit der Website oder einer ihrer Funktionen verursachen. Sie selbst sind<br \/>f\u00fcr die Art und Weise verantwortlich, wie Sie die Verbindung zu unserer Website herstellen. Sie m\u00fcssen alle geeigneten Ma\u00dfnahmen ergreifen, um Ihre<br \/>Ausr\u00fcstung und Daten vor Gefahren wie Virenbefall im Internet zu sch\u00fctzen. Au\u00dferdem sind Sie selbst daf\u00fcr verantwortlich, welche<br \/>Websites Sie besuchen und welche Informationen Sie suchen.<\/p><p>Der f\u00fcr die Verarbeitung Verantwortliche haftet nicht f\u00fcr etwaige rechtliche Schritte, die gegen Sie eingeleitet werden:<\/p><p>wegen der Nutzung der Website oder der \u00fcber das Internet zug\u00e4nglichen Dienste<br \/>wegen Versto\u00dfes gegen die Bestimmungen dieser Datenschutzrichtlinie<\/p><p>Der f\u00fcr die Verarbeitung Verantwortliche haftet nicht f\u00fcr Sch\u00e4den, die Ihnen oder Dritten oder Ihrer Ausr\u00fcstung entstehen, weil Sie<br \/>Sie werden von allen nachfolgenden (rechtlichen) Ma\u00dfnahmen gegen den f\u00fcr die Verarbeitung Verantwortlichen absehen.<\/p><p>Wenn der f\u00fcr die Verarbeitung Verantwortliche in einen Rechtsstreit wegen Ihrer (missbr\u00e4uchlichen) Nutzung dieser Website verwickelt wird, ist er berechtigt, alle nachfolgenden Sch\u00e4den von Ihnen (zur\u00fcck-)zu fordern.<br \/>Schadenersatz von Ihnen zu verlangen.<\/p><h3>Artikel 6 &#8211; Erhebung von Daten<\/h3><p>Ihre personenbezogenen Daten werden von MK Digital Growth und (einem) externen Auftragsverarbeiter(n) erhoben.<\/p><p>Personenbezogene Daten sind alle Informationen, die sich auf eine identifizierte oder identifizierbare nat\u00fcrliche Person (&#8220;betroffene Person&#8221;) beziehen.<\/p><p>Als identifizierbar wird eine nat\u00fcrliche Person angesehen, die direkt oder indirekt identifiziert werden kann, insbesondere durch Zuordnung zu einer Kennung wie<br \/>Identifizierungsmerkmalen wie einem Namen, einer Kennnummer, Standortdaten, einer Online-Kennung oder einem oder mehreren besonderen Merkmalen, die Ausdruck der physischen, physiologischen, genetischen, psychischen, wirtschaftlichen, kulturellen oder sozialen Identit\u00e4t dieser nat\u00fcrlichen Person sind.<\/p><p>Die auf der Website erhobenen personenbezogenen Daten werden vom Erfasser haupts\u00e4chlich dazu verwendet, um eine<br \/>(Gesch\u00e4fts-)Beziehung mit Ihnen zu unterhalten und ggf. Ihre Bestellungen zu bearbeiten. Sie werden in einem (elektronischen) Register gespeichert.<\/p><h3>Artikel 7 &#8211; Ihre Rechte in Bezug auf Informationen<\/h3><p>Gem\u00e4\u00df Artikel 13 Absatz 2 Buchstabe b der Datenschutz-Grundverordnung hat jede betroffene Person das Recht auf Information \u00fcber und Zugang zu folgenden Daten<br \/>Berichtigung, L\u00f6schung und Einschr\u00e4nkung der Verarbeitung ihrer personenbezogenen Daten sowie das Recht auf Widerspruch gegen die Verarbeitung und das Recht auf Daten\u00fcbertragbarkeit.<\/p><p>Sie k\u00f6nnen diese Rechte aus\u00fcben, indem Sie uns unter growth@notion.ch kontaktieren.<\/p><p>Jedem Antrag muss eine Kopie eines g\u00fcltigen Ausweises beigef\u00fcgt werden, auf dem Sie Ihre Unterschrift leisten und die Adresse angeben<br \/>unter der wir Sie erreichen k\u00f6nnen.<\/p><p>Innerhalb eines Monats nach Einreichung des Antrags erhalten Sie von uns eine Antwort.<\/p><p>Je nach Komplexit\u00e4t und Anzahl der Anfragen kann diese Frist auf zwei Monate verl\u00e4ngert werden.<\/p><h3>Artikel 8 &#8211; Rechtliche Verpflichtungen<\/h3><p>Im Falle eines Versto\u00dfes gegen ein Gesetz oder eine Verordnung, dessen ein Besucher verd\u00e4chtigt wird und f\u00fcr den die Beh\u00f6rden Folgendes verlangen<br \/>die vom Datensammler erhobenen personenbezogenen Daten verlangen, werden diese auf ausdr\u00fcckliche und begr\u00fcndete Anfrage der<br \/>Diese pers\u00f6nlichen Daten fallen dann nicht mehr unter den Schutz der Bestimmungen dieser Datenschutzerkl\u00e4rung.<br \/>Datenschutzpolitik.<\/p><p>Wenn Informationen erforderlich sind, um Zugang zu bestimmten Funktionen der Website zu erhalten, weist der f\u00fcr die Verarbeitung Verantwortliche auf Folgendes hin<br \/>auf den obligatorischen Charakter dieser Informationen hinweisen, wenn er diese Daten anfordert.<\/p><h3>Artikel 9 &#8211; Gesammelte Daten und kommerzielle Angebote<\/h3><p>Sie k\u00f6nnen vom Datensammler kommerzielle Angebote erhalten. Wenn Sie diese nicht (mehr) erhalten m\u00f6chten, senden Sie uns bitte<br \/>eine E-Mail an die folgende Adresse: growth@notion.ch.<\/p><p>Ihre pers\u00f6nlichen Daten werden von unseren Partnern nicht zu kommerziellen Zwecken verwendet.<\/p><p>Sollten Sie beim Besuch unserer Website auf personenbezogene Daten anderer Betroffener sto\u00dfen, so unterlassen Sie bitte<br \/>Sammlung, jede unbefugte Nutzung oder jede andere Handlung zu unterlassen, die eine Verletzung der Privatsph\u00e4re der betroffenen Person(en) darstellt.<br \/>darstellte(n). Der Sammler ist unter diesen Umst\u00e4nden nicht verantwortlich.<\/p><h3>Artikel 10 &#8211; Aufbewahrung der Daten<\/h3><p>Die gesammelten Daten werden f\u00fcr die gesetzlich festgelegte Dauer verwendet und aufbewahrt.<\/p><h3>Artikel 11 &#8211; Cookies<\/h3><p>Ein Cookie ist eine kleine Textdatei, die beim Besuch unserer Website auf der Festplatte Ihres elektronischen Ger\u00e4ts gespeichert wird. Ein Cookie enth\u00e4lt Daten, mit denen Sie beim Besuch unserer Website als Besucher erkannt werden k\u00f6nnen. Er erm\u00f6glicht es uns, uns auf Ihre Bed\u00fcrfnisse einzustellen und erleichtert Ihnen das Einloggen auf unserer Website. Wenn Sie unsere Website besuchen, informieren wir Sie \u00fcber die Verwendung von Cookies. Wenn Sie unsere Website weiter nutzen, erkl\u00e4ren Sie sich damit einverstanden, es sei denn, wir bitten Sie auf anderem Wege um Erlaubnis. Ihre<br \/>Ihr Einverst\u00e4ndnis ist f\u00fcr einen Zeitraum von dreizehn Monaten g\u00fcltig.<\/p><p>Wir verwenden die folgenden Arten von Cookies auf unserer Website:<br \/>&#8211; Funktionale Cookies: wie Sitzungs- und Anmeldecookies, um Sitzungs- und Anmeldeinformationen zu sammeln.<br \/>&#8211; Anonymisierte analytische Cookies: um Informationen \u00fcber die Besuche auf unserer Website zu erhalten, wie z.B. die Anzahl der Besucher,<br \/>beliebte Seiten und Themen. Auf diese Weise k\u00f6nnen wir unsere Kommunikation und Informationen an die Bed\u00fcrfnisse unserer Besucher anpassen.<br \/>Wir k\u00f6nnen nicht sehen, wer unsere Websites besucht oder von welchem pers\u00f6nlichen Ger\u00e4t aus der Besuch erfolgt ist.<br \/>&#8211; Nicht anonymisierte analytische Cookies: um Informationen \u00fcber die Besuche auf unserer Website zu erhalten, wie die Anzahl der Besucher, beliebte Seiten und Themen. Auf diese Weise k\u00f6nnen wir unsere Kommunikation und Informationen an die Bed\u00fcrfnisse unserer Besucher anpassen.<br \/>&#8211; Tracking Cookies: wie Werbe-Cookies, die dazu dienen, relevante Werbung anzuzeigen. Durch die Verwendung dieser Cookies k\u00f6nnen wir R\u00fcckschl\u00fcsse auf Ihre pers\u00f6nlichen Interessen ziehen. So k\u00f6nnen (andere) Organisationen Ihnen gezielte Werbung zeigen, wenn Sie deren Website besuchen. Tracking-Cookies erm\u00f6glichen die Erstellung von Profilen und die unterschiedliche Behandlung von Personenkategorien bei der Ausrichtung von Werbung. Tracking-Cookies verarbeiten in der Regel personenbezogene Daten.<\/p><p>Im Einzelnen verwenden wir auf unserer Website die folgenden Cookies:<br \/>Google Analytics (analytischer Cookie)<\/p><p>Wenn Sie unsere Website besuchen, k\u00f6nnen Cookies vom f\u00fcr die Verarbeitung Verantwortlichen und\/oder von Dritten auf Ihrem Ger\u00e4t installiert werden.<\/p><p>Weitere Informationen \u00fcber die Verwendung, Verwaltung und L\u00f6schung von Cookies f\u00fcr jedes elektronische Ger\u00e4t finden Sie unter folgendem Link: https:\/\/autoriteitpersoonsgegevens.nl\/nl\/onderwerpen\/internet-telefoon-tv-en-post \/cookies#faq<\/p><h3>Artikel 12 &#8211; Bildmaterial und angebotene Produkte<\/h3><p>Sie k\u00f6nnen aus den Bildern, die jedes auf unserer Website angebotene Produkt begleiten, keinerlei Rechte ableiten.<\/p><h3>Artikel 13 &#8211; Anwendbares Recht<\/h3><p>Diese Bedingungen unterliegen dem niederl\u00e4ndischen Recht. Das Gericht des Bezirks, in dem der Sammler seinen Gesch\u00e4ftssitz hat<br \/>ist der alleinige Gerichtsstand f\u00fcr alle Streitigkeiten in Bezug auf diese Bedingungen, es sei denn, es gilt eine gesetzliche Ausnahme.<\/p><h3>Artikel 14 &#8211; Kontakt<\/h3><p>F\u00fcr Fragen, Produktinformationen oder Informationen \u00fcber die Website selbst, wenden Sie sich bitte an: Manuel Kraehe,<br \/>growth@notion.ch.<\/p>\t\t\t\t\t\t<\/div>\n\t\t\t\t<\/div>\n\t\t\t\t\t<\/div>\n\t\t\t\t<\/div>\n\t\t\t\t\t\t\t<\/div>\n\t\t","protected":false},"excerpt":{"rendered":"<p>Kontakt &amp; Eigent\u00fcmerschaft Diese Website ist Eigentum von und f\u00fcr ihren Inhalt verantwortlich: MK Digital GrowthHaarlemmerweg 6001014BL AmsterdamNiederlande growth@notion.ch KVK:.. <span class=\"mil-el-more\"><a href=\"https:\/\/notion.ch\/de\/privacy-policy\/\" class=\"mil-button mil-button-lg\"><span>Read more<\/span><\/a><\/span><\/p>\n","protected":false},"author":1,"featured_media":0,"parent":0,"menu_order":0,"comment_status":"closed","ping_status":"closed","template":"elementor_theme","meta":{"inline_featured_image":false,"_monsterinsights_skip_tracking":false,"_monsterinsights_sitenote_active":false,"_monsterinsights_sitenote_note":"","_monsterinsights_sitenote_category":0,"footnotes":""},"acf":[],"aioseo_notices":[],"_links":{"self":[{"href":"https:\/\/notion.ch\/de\/wp-json\/wp\/v2\/pages\/2781"}],"collection":[{"href":"https:\/\/notion.ch\/de\/wp-json\/wp\/v2\/pages"}],"about":[{"href":"https:\/\/notion.ch\/de\/wp-json\/wp\/v2\/types\/page"}],"author":[{"embeddable":true,"href":"https:\/\/notion.ch\/de\/wp-json\/wp\/v2\/users\/1"}],"replies":[{"embeddable":true,"href":"https:\/\/notion.ch\/de\/wp-json\/wp\/v2\/comments?post=2781"}],"version-history":[{"count":4,"href":"https:\/\/notion.ch\/de\/wp-json\/wp\/v2\/pages\/2781\/revisions"}],"predecessor-version":[{"id":2787,"href":"https:\/\/notion.ch\/de\/wp-json\/wp\/v2\/pages\/2781\/revisions\/2787"}],"wp:attachment":[{"href":"https:\/\/notion.ch\/de\/wp-json\/wp\/v2\/media?parent=2781"}],"curies":[{"name":"wp","href":"https:\/\/api.w.org\/{rel}","templated":true}]}}