{"id":2682,"date":"2023-08-02T02:42:20","date_gmt":"2023-08-02T00:42:20","guid":{"rendered":"https:\/\/notion.ch\/blog\/"},"modified":"2024-02-20T17:01:31","modified_gmt":"2024-02-20T16:01:31","slug":"blog","status":"publish","type":"page","link":"https:\/\/notion.ch\/de\/blog\/","title":{"rendered":"Blog"},"content":{"rendered":"\t\t<div data-elementor-type=\"wp-page\" data-elementor-id=\"2682\" class=\"elementor elementor-2682 elementor-1492\" data-elementor-post-type=\"page\">\n\t\t\t\t\t\t\t\t\t<section class=\"elementor-section elementor-top-section elementor-element elementor-element-8654e63 elementor-section-full_width elementor-section-height-default elementor-section-height-default\" data-id=\"8654e63\" data-element_type=\"section\">\n\t\t\t\t\t\t<div class=\"elementor-container elementor-column-gap-no\">\n\t\t\t\t\t<div class=\"elementor-column elementor-col-100 elementor-top-column elementor-element elementor-element-aaf07ec\" data-id=\"aaf07ec\" data-element_type=\"column\">\n\t\t\t<div class=\"elementor-widget-wrap elementor-element-populated\">\n\t\t\t\t\t\t\t\t<div class=\"elementor-element elementor-element-d9fb4be elementor-widget elementor-widget-lettery-intro\" data-id=\"d9fb4be\" data-element_type=\"widget\" data-widget_type=\"lettery-intro.default\">\n\t\t\t\t<div class=\"elementor-widget-container\">\n\t\t\t\n\t\t<!-- intro -->\n\t\t<div class=\"mil-small-banner\">\n\t\t\t<div class=\"mil-image-frame\">\n\t\t\t\t<!-- banner image -->\n\t\t\t\t\t\t\t\t<img decoding=\"async\" src=\"https:\/\/notion.ch\/wp-content\/uploads\/2023\/12\/notion_digital-growth-agency.jpg\" alt=\"digital growth agency logo over the amsterdam city center\" class=\"mil-scale-img\" data-value-1=\".5\" data-value-2=\"1.2\" \/>\n\t\t\t\t\t\t\t\t<div class=\"mil-gradient-overlay-reverse\"><\/div>\n\t\t\t<\/div>\n\t\t<\/div>\n\n\t\t<div class=\"mil-spacer\"><\/div>\n\t\t<!-- intro end -->\n\n\t\t\t\t<\/div>\n\t\t\t\t<\/div>\n\t\t\t\t\t<\/div>\n\t\t<\/div>\n\t\t\t\t\t\t\t<\/div>\n\t\t<\/section>\n\t\t\t\t<section class=\"elementor-section elementor-top-section elementor-element elementor-element-b99e688 elementor-section-boxed elementor-section-height-default elementor-section-height-default\" data-id=\"b99e688\" data-element_type=\"section\">\n\t\t\t\t\t\t<div class=\"elementor-container elementor-column-gap-no\">\n\t\t\t\t\t<div class=\"elementor-column elementor-col-100 elementor-top-column elementor-element elementor-element-8051a57\" data-id=\"8051a57\" data-element_type=\"column\">\n\t\t\t<div class=\"elementor-widget-wrap elementor-element-populated\">\n\t\t\t\t\t\t\t\t<section class=\"elementor-section elementor-inner-section elementor-element elementor-element-958b195 elementor-section-full_width elementor-section-height-default elementor-section-height-default\" data-id=\"958b195\" data-element_type=\"section\">\n\t\t\t\t\t\t<div class=\"elementor-container elementor-column-gap-default\">\n\t\t\t\t\t<div class=\"elementor-column elementor-col-100 elementor-inner-column elementor-element elementor-element-badee35\" data-id=\"badee35\" data-element_type=\"column\">\n\t\t\t<div class=\"elementor-widget-wrap elementor-element-populated\">\n\t\t\t\t\t\t\t\t<div class=\"elementor-element elementor-element-69548c8 elementor-widget elementor-widget-lettery-about-us\" data-id=\"69548c8\" data-element_type=\"widget\" data-widget_type=\"lettery-about-us.default\">\n\t\t\t\t<div class=\"elementor-widget-container\">\n\t\t\t\n\t\t\t\t<span class=\"mil-link mil-softened-60 mil-appearance mil-mb-30\">\n\t\t\t<span >\n\t\t\t\tUnser Blog\t\t\t<\/span>\n\t\t<\/span>\n\t\t\n\t\t\t\t<h3 class=\"mil-h3 mil-title-el mil-appearance mil-mb-30\">\n\t\t\t<span >\n\t\t\t\tNews und Beitr\u00e4ge zu Data &amp; Co.\t\t\t<\/span>\n\t\t<\/h3>\n\t\t\n\t\t\t\t<\/div>\n\t\t\t\t<\/div>\n\t\t\t\t\t<\/div>\n\t\t<\/div>\n\t\t\t\t\t\t\t<\/div>\n\t\t<\/section>\n\t\t\t\t\t<\/div>\n\t\t<\/div>\n\t\t\t\t\t\t\t<\/div>\n\t\t<\/section>\n\t\t\t\t<section class=\"elementor-section elementor-top-section elementor-element elementor-element-e73e79a elementor-section-boxed elementor-section-height-default elementor-section-height-default\" data-id=\"e73e79a\" data-element_type=\"section\">\n\t\t\t\t\t\t<div class=\"elementor-container elementor-column-gap-no\">\n\t\t\t\t\t<div class=\"elementor-column elementor-col-100 elementor-top-column elementor-element elementor-element-24879e5\" data-id=\"24879e5\" data-element_type=\"column\">\n\t\t\t<div class=\"elementor-widget-wrap elementor-element-populated\">\n\t\t\t\t\t\t\t\t<div class=\"elementor-element elementor-element-0a55bb9 elementor-widget elementor-widget-lettery-blog-grid\" data-id=\"0a55bb9\" data-element_type=\"widget\" data-widget_type=\"lettery-blog-grid.default\">\n\t\t\t\t<div class=\"elementor-widget-container\">\n\t\t\t\n\t\t<!-- blog -->\n\t\t<div class=\"mil-blog-section\">\n            <div class=\"container\">\t\t\t\t\n                <div class=\"row js-blog \">\n\t\t\t\t\t\n\n<div class=\"col-xl-4 col-lg-6\">\n\t<div id=\"post-2883\" class=\"post-2883 post type-post status-publish format-standard has-post-thumbnail hentry category-meinung\">\n\t\t<!-- blog card -->\n\t\t\t\t<a href=\"https:\/\/notion.ch\/de\/google-optimize-kommt-zurueck-als-website-optimizer\/\" class=\"mil-card-1 mil-icon-2-trigger mil-appearance mil-mb-30 mil-accent-trigger\">\n\t\t\t\t\t\t\t\t\t\t\t<div class=\"mil-cover mil-square\">\n\t\t\t\t<div class=\"mil-image-frame\">\n\t\t\t\t\t<img decoding=\"async\" src=\"https:\/\/notion.ch\/wp-content\/uploads\/2025\/12\/google-website-optimizer.jpeg\" alt=\"Google Optimize kommt zur\u00fcck als &#8220;Website Optimizer&#8221;: Der K\u00f6nig ist tot. Lang lebe der K\u00f6nig.\" \/>\n\t\t\t\t<\/div>\n\t\t\t<\/div>\n\t\t\t\t\t\t\t\t\t<div class=\"mil-overlay mil-inside mil-gradient-overlay\">\n\t\t\t\t<div class=\"mil-description\">\n\t\t\t\t\t<div class=\"mil-post-info mil-mb-30\">\n\t\t\t\t\t\t\t\t\t\t\t\t<span class=\"mil-dot-divider mil-link mil-accent\">&#x2022;<\/span>\n\t\t\t\t\t\t\t\t\t\t\t\t<span class=\"mil-link mil-softened-30\">\n\t\t\t\t\t\t\t\t\t\t\t\t\tDezember 4, 2025\t\t\t\t\t\t\t\t\t\t\t\t<\/span>\n\t\t\t\t\t\t\t\t\t\t\t<\/div>\n\t\t\t\t\t\t\t\t\t\t<h5 class=\"mil-light\">\n\t\t\t\t\t\t\t\t\t\t\t\tGoogle Optimize kommt zur\u00fcck als &#8220;Website Optimizer&#8221;: Der K\u00f6nig ist tot. Lang lebe der K\u00f6nig.\t\t\t\t\t\t\t\t\t\t\t<\/h5>\n\t\t\t\t\t\t\t\t\t\t\t\t\t\t<\/div>\n\t\t\t<\/div>\n\t\t\t\t<\/a>\n\t\t\t\t<!-- blog card end -->\n\t<\/div>\n<\/div>\n\n<div class=\"col-xl-4 col-lg-6\">\n\t<div id=\"post-2862\" class=\"post-2862 post type-post status-publish format-standard has-post-thumbnail hentry category-analytics-de\">\n\t\t<!-- blog card -->\n\t\t\t\t<a href=\"https:\/\/notion.ch\/de\/google-meridian-fuer-google-ads-werbetreibende\/\" class=\"mil-card-1 mil-icon-2-trigger mil-appearance mil-mb-30 mil-accent-trigger\">\n\t\t\t\t\t\t\t\t\t\t\t<div class=\"mil-cover mil-square\">\n\t\t\t\t<div class=\"mil-image-frame\">\n\t\t\t\t\t<img decoding=\"async\" src=\"https:\/\/notion.ch\/wp-content\/uploads\/2025\/01\/Meridian_MMM-Blog_header-22_Jan.width-2200.format-webp-950x535.webp\" alt=\"Google Meridian f\u00fcr Google Ads Werbetreibende\" \/>\n\t\t\t\t<\/div>\n\t\t\t<\/div>\n\t\t\t\t\t\t\t\t\t<div class=\"mil-overlay mil-inside mil-gradient-overlay\">\n\t\t\t\t<div class=\"mil-description\">\n\t\t\t\t\t<div class=\"mil-post-info mil-mb-30\">\n\t\t\t\t\t\t\t\t\t\t\t\t<span class=\"mil-dot-divider mil-link mil-accent\">&#x2022;<\/span>\n\t\t\t\t\t\t\t\t\t\t\t\t<span class=\"mil-link mil-softened-30\">\n\t\t\t\t\t\t\t\t\t\t\t\t\tJanuar 30, 2025\t\t\t\t\t\t\t\t\t\t\t\t<\/span>\n\t\t\t\t\t\t\t\t\t\t\t<\/div>\n\t\t\t\t\t\t\t\t\t\t<h5 class=\"mil-light\">\n\t\t\t\t\t\t\t\t\t\t\t\tGoogle Meridian f\u00fcr Google Ads Werbetreibende\t\t\t\t\t\t\t\t\t\t\t<\/h5>\n\t\t\t\t\t\t\t\t\t\t\t\t\t\t<\/div>\n\t\t\t<\/div>\n\t\t\t\t<\/a>\n\t\t\t\t<!-- blog card end -->\n\t<\/div>\n<\/div>\n\n<div class=\"col-xl-4 col-lg-6\">\n\t<div id=\"post-2855\" class=\"post-2855 post type-post status-publish format-standard has-post-thumbnail hentry category-meinung\">\n\t\t<!-- blog card -->\n\t\t\t\t<a href=\"https:\/\/notion.ch\/de\/warum-best-practices-in-cro-wenig-sinn-machen\/\" class=\"mil-card-1 mil-icon-2-trigger mil-appearance mil-mb-30 mil-accent-trigger\">\n\t\t\t\t\t\t\t\t\t\t\t<div class=\"mil-cover mil-square\">\n\t\t\t\t<div class=\"mil-image-frame\">\n\t\t\t\t\t<img decoding=\"async\" src=\"https:\/\/notion.ch\/wp-content\/uploads\/2025\/01\/cro-best-practices.jpg\" alt=\"Warum Best Practices in CRO wenig Sinn machen\" \/>\n\t\t\t\t<\/div>\n\t\t\t<\/div>\n\t\t\t\t\t\t\t\t\t<div class=\"mil-overlay mil-inside mil-gradient-overlay\">\n\t\t\t\t<div class=\"mil-description\">\n\t\t\t\t\t<div class=\"mil-post-info mil-mb-30\">\n\t\t\t\t\t\t\t\t\t\t\t\t<span class=\"mil-dot-divider mil-link mil-accent\">&#x2022;<\/span>\n\t\t\t\t\t\t\t\t\t\t\t\t<span class=\"mil-link mil-softened-30\">\n\t\t\t\t\t\t\t\t\t\t\t\t\tJanuar 9, 2025\t\t\t\t\t\t\t\t\t\t\t\t<\/span>\n\t\t\t\t\t\t\t\t\t\t\t<\/div>\n\t\t\t\t\t\t\t\t\t\t<h5 class=\"mil-light\">\n\t\t\t\t\t\t\t\t\t\t\t\tWarum Best Practices in CRO wenig Sinn machen\t\t\t\t\t\t\t\t\t\t\t<\/h5>\n\t\t\t\t\t\t\t\t\t\t\t\t\t\t<\/div>\n\t\t\t<\/div>\n\t\t\t\t<\/a>\n\t\t\t\t<!-- blog card end -->\n\t<\/div>\n<\/div>\n\n<div class=\"col-xl-4 col-lg-6\">\n\t<div id=\"post-2752\" class=\"post-2752 post type-post status-publish format-standard has-post-thumbnail hentry category-analytics-de\">\n\t\t<!-- blog card -->\n\t\t\t\t<a href=\"https:\/\/notion.ch\/de\/server-side-tracking-mit-ga4-und-google-tag-manager\/\" class=\"mil-card-1 mil-icon-2-trigger mil-appearance mil-mb-30 mil-accent-trigger\">\n\t\t\t\t\t\t\t\t\t\t\t<div class=\"mil-cover mil-square\">\n\t\t\t\t<div class=\"mil-image-frame\">\n\t\t\t\t\t<img decoding=\"async\" src=\"https:\/\/notion.ch\/wp-content\/uploads\/2024\/02\/server-side-tracking.jpg\" alt=\"Server-side Tracking mit GA4 und Google Tag Manager\" \/>\n\t\t\t\t<\/div>\n\t\t\t<\/div>\n\t\t\t\t\t\t\t\t\t<div class=\"mil-overlay mil-inside mil-gradient-overlay\">\n\t\t\t\t<div class=\"mil-description\">\n\t\t\t\t\t<div class=\"mil-post-info mil-mb-30\">\n\t\t\t\t\t\t\t\t\t\t\t\t<span class=\"mil-dot-divider mil-link mil-accent\">&#x2022;<\/span>\n\t\t\t\t\t\t\t\t\t\t\t\t<span class=\"mil-link mil-softened-30\">\n\t\t\t\t\t\t\t\t\t\t\t\t\tFebruar 19, 2024\t\t\t\t\t\t\t\t\t\t\t\t<\/span>\n\t\t\t\t\t\t\t\t\t\t\t<\/div>\n\t\t\t\t\t\t\t\t\t\t<h5 class=\"mil-light\">\n\t\t\t\t\t\t\t\t\t\t\t\tServer-side Tracking mit GA4 und Google Tag Manager\t\t\t\t\t\t\t\t\t\t\t<\/h5>\n\t\t\t\t\t\t\t\t\t\t\t\t\t\t<\/div>\n\t\t\t<\/div>\n\t\t\t\t<\/a>\n\t\t\t\t<!-- blog card end -->\n\t<\/div>\n<\/div>\n\n<div class=\"col-xl-4 col-lg-6\">\n\t<div id=\"post-2750\" class=\"post-2750 post type-post status-publish format-standard has-post-thumbnail hentry category-tooling-de\">\n\t\t<!-- blog card -->\n\t\t\t\t<a href=\"https:\/\/notion.ch\/de\/spotify-confidence-was-wird-es-auf-dem-markt-bringen\/\" class=\"mil-card-1 mil-icon-2-trigger mil-appearance mil-mb-30 mil-accent-trigger\">\n\t\t\t\t\t\t\t\t\t\t\t<div class=\"mil-cover mil-square\">\n\t\t\t\t<div class=\"mil-image-frame\">\n\t\t\t\t\t<img decoding=\"async\" src=\"https:\/\/notion.ch\/wp-content\/uploads\/2023\/12\/spotify-confidence-950x543.jpg\" alt=\"Spotify Confidence &#8211; was wird es auf dem Markt bringen?\" \/>\n\t\t\t\t<\/div>\n\t\t\t<\/div>\n\t\t\t\t\t\t\t\t\t<div class=\"mil-overlay mil-inside mil-gradient-overlay\">\n\t\t\t\t<div class=\"mil-description\">\n\t\t\t\t\t<div class=\"mil-post-info mil-mb-30\">\n\t\t\t\t\t\t\t\t\t\t\t\t<span class=\"mil-dot-divider mil-link mil-accent\">&#x2022;<\/span>\n\t\t\t\t\t\t\t\t\t\t\t\t<span class=\"mil-link mil-softened-30\">\n\t\t\t\t\t\t\t\t\t\t\t\t\tJanuar 4, 2024\t\t\t\t\t\t\t\t\t\t\t\t<\/span>\n\t\t\t\t\t\t\t\t\t\t\t<\/div>\n\t\t\t\t\t\t\t\t\t\t<h5 class=\"mil-light\">\n\t\t\t\t\t\t\t\t\t\t\t\tSpotify Confidence &#8211; was wird es auf dem Markt bringen?\t\t\t\t\t\t\t\t\t\t\t<\/h5>\n\t\t\t\t\t\t\t\t\t\t\t\t\t\t<\/div>\n\t\t\t<\/div>\n\t\t\t\t<\/a>\n\t\t\t\t<!-- blog card end -->\n\t<\/div>\n<\/div>\n\n<div class=\"col-xl-4 col-lg-6\">\n\t<div id=\"post-2748\" class=\"post-2748 post type-post status-publish format-standard has-post-thumbnail hentry category-bildung\">\n\t\t<!-- blog card -->\n\t\t\t\t<a href=\"https:\/\/notion.ch\/de\/die-north-star-metric\/\" class=\"mil-card-1 mil-icon-2-trigger mil-appearance mil-mb-30 mil-accent-trigger\">\n\t\t\t\t\t\t\t\t\t\t\t<div class=\"mil-cover mil-square\">\n\t\t\t\t<div class=\"mil-image-frame\">\n\t\t\t\t\t<img decoding=\"async\" src=\"https:\/\/notion.ch\/wp-content\/uploads\/2024\/01\/north-star-metric.jpg\" alt=\"Die North Star Metric\" \/>\n\t\t\t\t<\/div>\n\t\t\t<\/div>\n\t\t\t\t\t\t\t\t\t<div class=\"mil-overlay mil-inside mil-gradient-overlay\">\n\t\t\t\t<div class=\"mil-description\">\n\t\t\t\t\t<div class=\"mil-post-info mil-mb-30\">\n\t\t\t\t\t\t\t\t\t\t\t\t<span class=\"mil-dot-divider mil-link mil-accent\">&#x2022;<\/span>\n\t\t\t\t\t\t\t\t\t\t\t\t<span class=\"mil-link mil-softened-30\">\n\t\t\t\t\t\t\t\t\t\t\t\t\tDezember 16, 2023\t\t\t\t\t\t\t\t\t\t\t\t<\/span>\n\t\t\t\t\t\t\t\t\t\t\t<\/div>\n\t\t\t\t\t\t\t\t\t\t<h5 class=\"mil-light\">\n\t\t\t\t\t\t\t\t\t\t\t\tDie North Star Metric\t\t\t\t\t\t\t\t\t\t\t<\/h5>\n\t\t\t\t\t\t\t\t\t\t\t\t\t\t<\/div>\n\t\t\t<\/div>\n\t\t\t\t<\/a>\n\t\t\t\t<!-- blog card end -->\n\t<\/div>\n<\/div>\n\n<div class=\"col-xl-4 col-lg-6\">\n\t<div id=\"post-2744\" class=\"post-2744 post type-post status-publish format-standard has-post-thumbnail hentry category-meinung\">\n\t\t<!-- blog card -->\n\t\t\t\t<a href=\"https:\/\/notion.ch\/de\/warum-die-messung-des-roi-von-cx-verbesserungen-im-jahr-2024-entscheidend-sein-wird\/\" class=\"mil-card-1 mil-icon-2-trigger mil-appearance mil-mb-30 mil-accent-trigger\">\n\t\t\t\t\t\t\t\t\t\t\t<div class=\"mil-cover mil-square\">\n\t\t\t\t<div class=\"mil-image-frame\">\n\t\t\t\t\t<img decoding=\"async\" src=\"https:\/\/notion.ch\/wp-content\/uploads\/2024\/01\/roi-measurement-cx.jpg\" alt=\"Warum die Messung des ROI von CX-Verbesserungen im Jahr 2024 entscheidend sein wird\" \/>\n\t\t\t\t<\/div>\n\t\t\t<\/div>\n\t\t\t\t\t\t\t\t\t<div class=\"mil-overlay mil-inside mil-gradient-overlay\">\n\t\t\t\t<div class=\"mil-description\">\n\t\t\t\t\t<div class=\"mil-post-info mil-mb-30\">\n\t\t\t\t\t\t\t\t\t\t\t\t<span class=\"mil-dot-divider mil-link mil-accent\">&#x2022;<\/span>\n\t\t\t\t\t\t\t\t\t\t\t\t<span class=\"mil-link mil-softened-30\">\n\t\t\t\t\t\t\t\t\t\t\t\t\tDezember 14, 2023\t\t\t\t\t\t\t\t\t\t\t\t<\/span>\n\t\t\t\t\t\t\t\t\t\t\t<\/div>\n\t\t\t\t\t\t\t\t\t\t<h5 class=\"mil-light\">\n\t\t\t\t\t\t\t\t\t\t\t\tWarum die Messung des ROI von CX-Verbesserungen im Jahr 2024 entscheidend sein wird\t\t\t\t\t\t\t\t\t\t\t<\/h5>\n\t\t\t\t\t\t\t\t\t\t\t\t\t\t<\/div>\n\t\t\t<\/div>\n\t\t\t\t<\/a>\n\t\t\t\t<!-- blog card end -->\n\t<\/div>\n<\/div>\n\t\t\t\t\t\t\t\t\t\t<div class=\"mil-pagination mil-p-90-0\">\n\t\t\t\t\t\t\t\t\t\t\t<\/div>\n\t\t\t\t\t\n\t\t\t\t\t\n\t\t\t\t\t                    \n                <\/div>\n            <\/div>\n        <\/div>\n\t\t<!-- blog end -->\n\n\t\t\t\t<\/div>\n\t\t\t\t<\/div>\n\t\t\t\t\t<\/div>\n\t\t<\/div>\n\t\t\t\t\t\t\t<\/div>\n\t\t<\/section>\n\t\t\t\t\t\t\t<\/div>\n\t\t","protected":false},"excerpt":{"rendered":"<p>Unser Blog News und Beitr\u00e4ge zu Data &amp; Co. Analytics &#x2022; February 19, 2024 Server-Side.. <span class=\"mil-el-more\"><a href=\"https:\/\/notion.ch\/de\/warum-die-messung-des-roi-von-cx-verbesserungen-im-jahr-2024-entscheidend-sein-wird\/\" class=\"mil-button mil-button-lg\"><span>Read more<\/span><\/a><\/span><\/p>\n","protected":false},"author":1,"featured_media":0,"parent":0,"menu_order":0,"comment_status":"closed","ping_status":"closed","template":"template-layout-builder.php","meta":{"inline_featured_image":false,"_monsterinsights_skip_tracking":false,"_monsterinsights_sitenote_active":false,"_monsterinsights_sitenote_note":"","_monsterinsights_sitenote_category":0,"footnotes":""},"acf":[],"aioseo_notices":[],"_links":{"self":[{"href":"https:\/\/notion.ch\/de\/wp-json\/wp\/v2\/pages\/2682"}],"collection":[{"href":"https:\/\/notion.ch\/de\/wp-json\/wp\/v2\/pages"}],"about":[{"href":"https:\/\/notion.ch\/de\/wp-json\/wp\/v2\/types\/page"}],"author":[{"embeddable":true,"href":"https:\/\/notion.ch\/de\/wp-json\/wp\/v2\/users\/1"}],"replies":[{"embeddable":true,"href":"https:\/\/notion.ch\/de\/wp-json\/wp\/v2\/comments?post=2682"}],"version-history":[{"count":10,"href":"https:\/\/notion.ch\/de\/wp-json\/wp\/v2\/pages\/2682\/revisions"}],"predecessor-version":[{"id":2763,"href":"https:\/\/notion.ch\/de\/wp-json\/wp\/v2\/pages\/2682\/revisions\/2763"}],"wp:attachment":[{"href":"https:\/\/notion.ch\/de\/wp-json\/wp\/v2\/media?parent=2682"}],"curies":[{"name":"wp","href":"https:\/\/api.w.org\/{rel}","templated":true}]}}