{"id":2680,"date":"2023-07-20T22:37:23","date_gmt":"2023-07-20T20:37:23","guid":{"rendered":"https:\/\/notion.ch\/ueber-notion\/"},"modified":"2024-02-20T13:41:09","modified_gmt":"2024-02-20T12:41:09","slug":"ueber-notion","status":"publish","type":"page","link":"https:\/\/notion.ch\/de\/ueber-notion\/","title":{"rendered":"\u00dcber notion"},"content":{"rendered":"\t\t<div data-elementor-type=\"wp-page\" data-elementor-id=\"2680\" class=\"elementor elementor-2680 elementor-494\" data-elementor-post-type=\"page\">\n\t\t\t\t\t\t\t\t\t<section class=\"elementor-section elementor-top-section elementor-element elementor-element-61a223c elementor-section-full_width elementor-section-height-default elementor-section-height-default\" data-id=\"61a223c\" data-element_type=\"section\">\n\t\t\t\t\t\t<div class=\"elementor-container elementor-column-gap-no\">\n\t\t\t\t\t<div class=\"elementor-column elementor-col-100 elementor-top-column elementor-element elementor-element-6b063e3\" data-id=\"6b063e3\" data-element_type=\"column\">\n\t\t\t<div class=\"elementor-widget-wrap elementor-element-populated\">\n\t\t\t\t\t\t\t\t<div class=\"elementor-element elementor-element-745a4cf elementor-widget elementor-widget-lettery-intro\" data-id=\"745a4cf\" data-element_type=\"widget\" data-widget_type=\"lettery-intro.default\">\n\t\t\t\t<div class=\"elementor-widget-container\">\n\t\t\t\n\t\t<!-- intro -->\n\t\t<div class=\"mil-small-banner\">\n\t\t\t<div class=\"mil-image-frame\">\n\t\t\t\t<!-- banner image -->\n\t\t\t\t\t\t\t\t<img decoding=\"async\" src=\"https:\/\/notion.ch\/wp-content\/uploads\/2024\/02\/notion_office_bruggebouw_amsterdam.jpg\" alt=\"the notion office in Amsterdam\" class=\"mil-scale-img\" data-value-1=\".5\" data-value-2=\"1.2\" \/>\n\t\t\t\t\t\t\t\t<div class=\"mil-gradient-overlay-reverse\"><\/div>\n\t\t\t<\/div>\n\t\t<\/div>\n\n\t\t<div class=\"mil-spacer\"><\/div>\n\t\t<!-- intro end -->\n\n\t\t\t\t<\/div>\n\t\t\t\t<\/div>\n\t\t\t\t\t<\/div>\n\t\t<\/div>\n\t\t\t\t\t\t\t<\/div>\n\t\t<\/section>\n\t\t\t\t<section class=\"elementor-section elementor-top-section elementor-element elementor-element-4f71639 elementor-section-boxed elementor-section-height-default elementor-section-height-default\" data-id=\"4f71639\" data-element_type=\"section\">\n\t\t\t\t\t\t<div class=\"elementor-container elementor-column-gap-no\">\n\t\t\t\t\t<div class=\"elementor-column elementor-col-100 elementor-top-column elementor-element elementor-element-b9f388e\" data-id=\"b9f388e\" data-element_type=\"column\">\n\t\t\t<div class=\"elementor-widget-wrap elementor-element-populated\">\n\t\t\t\t\t\t<div class=\"elementor-element elementor-element-23c254f mil-content-frame e-con-full e-flex e-con e-parent\" data-id=\"23c254f\" data-element_type=\"container\" data-settings=\"{&quot;content_width&quot;:&quot;full&quot;}\" data-core-v316-plus=\"true\">\n\t\t<div class=\"elementor-element elementor-element-e91f816 e-con-full e-flex e-con e-child\" data-id=\"e91f816\" data-element_type=\"container\" data-settings=\"{&quot;content_width&quot;:&quot;full&quot;}\">\n\t\t\t\t<div class=\"elementor-element elementor-element-4ff7530 elementor-widget elementor-widget-lettery-about-us\" data-id=\"4ff7530\" data-element_type=\"widget\" data-widget_type=\"lettery-about-us.default\">\n\t\t\t\t<div class=\"elementor-widget-container\">\n\t\t\t\n\t\t\n\t\t\t\t<h1 class=\"mil-h2 mil-bold mil-title-el mil-appearance mil-mb-30\">\n\t\t\t<span >\n\t\t\t\t\u00dcber notion\t\t\t<\/span>\n\t\t<\/h1>\n\t\t\n\t\t\t\t<\/div>\n\t\t\t\t<\/div>\n\t\t\t\t<div class=\"elementor-element elementor-element-189a057 elementor-widget elementor-widget-lettery-description\" data-id=\"189a057\" data-element_type=\"widget\" data-widget_type=\"lettery-description.default\">\n\t\t\t\t<div class=\"elementor-widget-container\">\n\t\t\t\n\t\t\t\t<div class=\"mil-text mil-appearance mil-mb-30\">\n\t\t\t<div >\n\t\t\t\t<p>Notion wurde mit dem Ziel gegr\u00fcndet, Unternehmen auf der ganzen Welt dabei zu helfen, die M\u00f6glichkeiten des digitalen Gesch\u00e4fts zu nutzen. Die M\u00f6glichkeiten, die uns heute zur Verf\u00fcgung stehen, erlauben es Unternehmen, schneller als je zuvor zu skalieren - ohne endlose Ressourcen zu ben\u00f6tigen.<\/p><p>Wir haben es uns zur Aufgabe gemacht, das Wachstum von Unternehmen so effizient wie m\u00f6glich voranzutreiben, indem wir die Tools und Techniken nutzen, die die sich st\u00e4ndig weiterentwickelnde digitale Landschaft bietet.<\/p><p>Aber, weshalb hat eine Firma mit Schweizer Gr\u00fcnder und einem .ch-Domain ihr Office in Amsterdam? Gute Frage. Thanks for asking! Da wir uns auf internationales Marketing spezialisieren und direkt am Puls der Technik bleiben m\u00f6chten, haben wir den Europ\u00e4ischen MarTech-Hub Amsterdam gew\u00e4hlt. Die Stadt ist super, kommt vorbei!<\/p>\t\t\t<\/div>\n\t\t<\/div>\n\t\t\n\t\t\t\t<\/div>\n\t\t\t\t<\/div>\n\t\t\t\t<div class=\"elementor-element elementor-element-2d613f7 elementor-widget elementor-widget-image\" data-id=\"2d613f7\" data-element_type=\"widget\" data-widget_type=\"image.default\">\n\t\t\t\t<div class=\"elementor-widget-container\">\n\t\t\t<style>\/*! elementor - v3.18.0 - 08-12-2023 *\/\n.elementor-widget-image{text-align:center}.elementor-widget-image a{display:inline-block}.elementor-widget-image a img[src$=\".svg\"]{width:48px}.elementor-widget-image img{vertical-align:middle;display:inline-block}<\/style>\t\t\t\t\t\t\t\t\t<figure class=\"wp-caption\">\n\t\t\t\t\t\t\t\t\t\t<img fetchpriority=\"high\" decoding=\"async\" width=\"800\" height=\"450\" src=\"https:\/\/notion.ch\/wp-content\/uploads\/2024\/02\/notion_office_bruggebouw_amsterdam.jpg\" class=\"attachment-large size-large wp-image-2634\" alt=\"the notion office in Amsterdam\" srcset=\"https:\/\/notion.ch\/wp-content\/uploads\/2024\/02\/notion_office_bruggebouw_amsterdam.jpg 800w, https:\/\/notion.ch\/wp-content\/uploads\/2024\/02\/notion_office_bruggebouw_amsterdam-300x169.jpg 300w, https:\/\/notion.ch\/wp-content\/uploads\/2024\/02\/notion_office_bruggebouw_amsterdam-768x432.jpg 768w\" sizes=\"(max-width: 800px) 100vw, 800px\" \/>\t\t\t\t\t\t\t\t\t\t\t<figcaption class=\"widget-image-caption wp-caption-text\">Besucht unser Office im \"Bruggebouw\" in Amsterdam.<\/figcaption>\n\t\t\t\t\t\t\t\t\t\t<\/figure>\n\t\t\t\t\t\t\t\t\t<\/div>\n\t\t\t\t<\/div>\n\t\t\t\t<\/div>\n\t\t<div class=\"elementor-element elementor-element-39ecbbb e-con-full e-flex e-con e-child\" data-id=\"39ecbbb\" data-element_type=\"container\" data-settings=\"{&quot;content_width&quot;:&quot;full&quot;}\">\n\t\t<div class=\"elementor-element elementor-element-7ff4df7 e-con-full e-flex e-con e-child\" data-id=\"7ff4df7\" data-element_type=\"container\" data-settings=\"{&quot;content_width&quot;:&quot;full&quot;}\">\n\t\t<div class=\"elementor-element elementor-element-bebca1f e-con-full e-flex e-con e-child\" data-id=\"bebca1f\" data-element_type=\"container\" data-settings=\"{&quot;content_width&quot;:&quot;full&quot;}\">\n\t\t\t\t<div class=\"elementor-element elementor-element-a42082c elementor-widget elementor-widget-lettery-team\" data-id=\"a42082c\" data-element_type=\"widget\" data-widget_type=\"lettery-team.default\">\n\t\t\t\t<div class=\"elementor-widget-container\">\n\t\t\t\n\t\t<!-- team card -->\n\t\t<div class=\"mil-card-1 mil-scale-down-trigger mil-accent-trigger mil-appearance mil-mb-10\">\n\t\t\t<div class=\"mil-cover mil-square\">\n\t\t\t\t\t\t\t\t<div class=\"mil-image-frame\">\n\t\t\t\t\t<!-- portrait -->\n\t\t\t\t\t\t\t\t\t\t\t<img decoding=\"async\" src=\"https:\/\/notion.ch\/wp-content\/uploads\/2024\/01\/manuel-kraehe-notion.jpg\" alt=\"Manuel Kr\u00e4he\" style=\"object-position: top\" \/>\n\t\t\t\t\t\t\t\t\t<\/div>\n\t\t\t\t\t\t\t<\/div>\n\t\t\t<div class=\"mil-overlay mil-with-bg mil-text-center\">\n\t\t\t\t<div class=\"mil-description\">\n\t\t\t\t\t\t\t\t\t\t<!-- name -->\n\t\t\t\t\t<h5>\n\t\t\t\t\t\t<span >\n\t\t\t\t\t\t\tManuel Kr\u00e4he\t\t\t\t\t\t<\/span>\n\t\t\t\t\t<\/h5>\n\t\t\t\t\t\t\t\t\t\t\t\t\t\t\t<!-- post -->\n\t\t\t\t\t<span class=\"mil-link mil-softened-50\">\n\t\t\t\t\t\t<span >\n\t\t\t\t\t\t\tGr\u00fcnder &amp; Digital Growth Consultant\t\t\t\t\t\t<\/span>\n\t\t\t\t\t<\/span>\n\t\t\t\t\t\t\t\t\t<\/div>\n\t\t\t<\/div>\n\t\t<\/div>\n\t\t<!-- team card end -->\n\n\t\t\t\t<\/div>\n\t\t\t\t<\/div>\n\t\t\t\t<\/div>\n\t\t<div class=\"elementor-element elementor-element-fcdfd3c e-con-full e-flex e-con e-child\" data-id=\"fcdfd3c\" data-element_type=\"container\" data-settings=\"{&quot;content_width&quot;:&quot;full&quot;}\">\n\t\t\t\t<div class=\"elementor-element elementor-element-b6dd77d elementor-widget elementor-widget-lettery-team\" data-id=\"b6dd77d\" data-element_type=\"widget\" data-widget_type=\"lettery-team.default\">\n\t\t\t\t<div class=\"elementor-widget-container\">\n\t\t\t\n\t\t<!-- team card -->\n\t\t<div class=\"mil-card-1 mil-scale-down-trigger mil-accent-trigger mil-appearance mil-mb-10\">\n\t\t\t<div class=\"mil-cover mil-square\">\n\t\t\t\t\t\t\t\t<div class=\"mil-image-frame\">\n\t\t\t\t\t<!-- portrait -->\n\t\t\t\t\t\t\t\t\t\t\t<img decoding=\"async\" src=\"https:\/\/notion.ch\/wp-content\/uploads\/2024\/01\/tobias-flueckiger-notion.jpg\" alt=\"Tobias Fl\u00fcckiger\" style=\"object-position: top\" \/>\n\t\t\t\t\t\t\t\t\t<\/div>\n\t\t\t\t\t\t\t<\/div>\n\t\t\t<div class=\"mil-overlay mil-with-bg mil-text-center\">\n\t\t\t\t<div class=\"mil-description\">\n\t\t\t\t\t\t\t\t\t\t<!-- name -->\n\t\t\t\t\t<h5>\n\t\t\t\t\t\t<span >\n\t\t\t\t\t\t\tTobias Fl\u00fcckiger\t\t\t\t\t\t<\/span>\n\t\t\t\t\t<\/h5>\n\t\t\t\t\t\t\t\t\t\t\t\t\t\t\t<!-- post -->\n\t\t\t\t\t<span class=\"mil-link mil-softened-50\">\n\t\t\t\t\t\t<span >\n\t\t\t\t\t\t\te-Commerce &amp; Online Marketing Experte\t\t\t\t\t\t<\/span>\n\t\t\t\t\t<\/span>\n\t\t\t\t\t\t\t\t\t<\/div>\n\t\t\t<\/div>\n\t\t<\/div>\n\t\t<!-- team card end -->\n\n\t\t\t\t<\/div>\n\t\t\t\t<\/div>\n\t\t\t\t<\/div>\n\t\t\t\t<\/div>\n\t\t<div class=\"elementor-element elementor-element-c885b6e e-con-full e-flex e-con e-child\" data-id=\"c885b6e\" data-element_type=\"container\" data-settings=\"{&quot;content_width&quot;:&quot;full&quot;}\">\n\t\t<div class=\"elementor-element elementor-element-a5f4fd3 e-con-full e-flex e-con e-child\" data-id=\"a5f4fd3\" data-element_type=\"container\" data-settings=\"{&quot;content_width&quot;:&quot;full&quot;}\">\n\t\t\t\t<div class=\"elementor-element elementor-element-09e08cc elementor-widget elementor-widget-lettery-team\" data-id=\"09e08cc\" data-element_type=\"widget\" data-widget_type=\"lettery-team.default\">\n\t\t\t\t<div class=\"elementor-widget-container\">\n\t\t\t\n\t\t<!-- team card -->\n\t\t<div class=\"mil-card-1 mil-scale-down-trigger mil-accent-trigger mil-appearance mil-mb-10\">\n\t\t\t<div class=\"mil-cover mil-square\">\n\t\t\t\t\t\t\t\t<div class=\"mil-image-frame\">\n\t\t\t\t\t<!-- portrait -->\n\t\t\t\t\t\t\t\t\t\t\t<img decoding=\"async\" src=\"https:\/\/notion.ch\/wp-content\/uploads\/2024\/01\/aernout-kolijn-notion.jpg\" alt=\"Aernout Kolijn\" style=\"object-position: top\" \/>\n\t\t\t\t\t\t\t\t\t<\/div>\n\t\t\t\t\t\t\t<\/div>\n\t\t\t<div class=\"mil-overlay mil-with-bg mil-text-center\">\n\t\t\t\t<div class=\"mil-description\">\n\t\t\t\t\t\t\t\t\t\t<!-- name -->\n\t\t\t\t\t<h5>\n\t\t\t\t\t\t<span >\n\t\t\t\t\t\t\tAernout Kolijn\t\t\t\t\t\t<\/span>\n\t\t\t\t\t<\/h5>\n\t\t\t\t\t\t\t\t\t\t\t\t\t\t\t<!-- post -->\n\t\t\t\t\t<span class=\"mil-link mil-softened-50\">\n\t\t\t\t\t\t<span >\n\t\t\t\t\t\t\tCopy- &amp; Ghostwriter\t\t\t\t\t\t<\/span>\n\t\t\t\t\t<\/span>\n\t\t\t\t\t\t\t\t\t<\/div>\n\t\t\t<\/div>\n\t\t<\/div>\n\t\t<!-- team card end -->\n\n\t\t\t\t<\/div>\n\t\t\t\t<\/div>\n\t\t\t\t<\/div>\n\t\t<div class=\"elementor-element elementor-element-4c7f71c e-con-full e-flex e-con e-child\" data-id=\"4c7f71c\" data-element_type=\"container\" data-settings=\"{&quot;content_width&quot;:&quot;full&quot;}\">\n\t\t\t\t<div class=\"elementor-element elementor-element-ce54231 elementor-widget elementor-widget-lettery-team\" data-id=\"ce54231\" data-element_type=\"widget\" data-widget_type=\"lettery-team.default\">\n\t\t\t\t<div class=\"elementor-widget-container\">\n\t\t\t\n\t\t<!-- team card -->\n\t\t<div class=\"mil-card-1 mil-appearance mil-mb-10\">\n\t\t\t<div class=\"mil-cover mil-square\">\n\t\t\t\t\t\t\t\t<div class=\"mil-image-frame\">\n\t\t\t\t\t<!-- portrait -->\n\t\t\t\t\t\t\t\t\t\t\t<a data-no-swup href=\"\/careers\" class=\"mil-icon-2-trigger\">\n\t\t\t\t\t\t\t\t\t\t\t<img decoding=\"async\" src=\"https:\/\/notion.ch\/wp-content\/uploads\/2024\/01\/wanna-join-notion.jpg\" alt=\"Du?\" style=\"object-position: top\" \/>\n\t\t\t\t\t\t\t\t\t\t\t<\/a>\n\t\t\t\t\t\t\t\t\t<\/div>\n\t\t\t\t\t\t\t<\/div>\n\t\t\t<div class=\"mil-overlay mil-with-bg mil-text-center\">\n\t\t\t\t<div class=\"mil-description\">\n\t\t\t\t\t\t\t\t\t\t<!-- name -->\n\t\t\t\t\t<h5>\n\t\t\t\t\t\t<span >\n\t\t\t\t\t\t\tDu?\t\t\t\t\t\t<\/span>\n\t\t\t\t\t<\/h5>\n\t\t\t\t\t\t\t\t\t\t\t\t\t\t\t<!-- post -->\n\t\t\t\t\t<span class=\"mil-link mil-softened-50\">\n\t\t\t\t\t\t<span >\n\t\t\t\t\t\t\tBesuche unsere Karriereseite\t\t\t\t\t\t<\/span>\n\t\t\t\t\t<\/span>\n\t\t\t\t\t\t\t\t\t<\/div>\n\t\t\t<\/div>\n\t\t<\/div>\n\t\t<!-- team card end -->\n\n\t\t\t\t<\/div>\n\t\t\t\t<\/div>\n\t\t\t\t<\/div>\n\t\t\t\t<\/div>\n\t\t\t\t<\/div>\n\t\t\t\t<\/div>\n\t\t\t\t\t<\/div>\n\t\t<\/div>\n\t\t\t\t\t\t\t<\/div>\n\t\t<\/section>\n\t\t\t\t<section class=\"elementor-section elementor-top-section elementor-element elementor-element-fbda6c3 elementor-section-boxed elementor-section-height-default elementor-section-height-default\" data-id=\"fbda6c3\" data-element_type=\"section\" data-settings=\"{&quot;background_background&quot;:&quot;classic&quot;}\">\n\t\t\t\t\t\t<div class=\"elementor-container elementor-column-gap-default\">\n\t\t\t\t\t<div class=\"elementor-column elementor-col-50 elementor-top-column elementor-element elementor-element-ad3b5c4\" data-id=\"ad3b5c4\" data-element_type=\"column\">\n\t\t\t<div class=\"elementor-widget-wrap elementor-element-populated\">\n\t\t\t\t\t\t\t\t<div class=\"elementor-element elementor-element-9dbc679 elementor-widget elementor-widget-lettery-about-us\" data-id=\"9dbc679\" data-element_type=\"widget\" data-widget_type=\"lettery-about-us.default\">\n\t\t\t\t<div class=\"elementor-widget-container\">\n\t\t\t\n\t\t\t\t<span class=\"mil-link mil-softened-60 mil-appearance mil-mb-30\">\n\t\t\t<span >\n\t\t\t\tMit wem wir arbeiten\t\t\t<\/span>\n\t\t<\/span>\n\t\t\n\t\t\t\t<h3 class=\"mil-h3 mil-title-el mil-appearance mil-mb-30\">\n\t\t\t<span >\n\t\t\t\tEnge Partnerschaften f\u00fcr herausragende L\u00f6sungen\t\t\t<\/span>\n\t\t<\/h3>\n\t\t\n\t\t\t\t<\/div>\n\t\t\t\t<\/div>\n\t\t\t\t\t<\/div>\n\t\t<\/div>\n\t\t\t\t<div class=\"elementor-column elementor-col-50 elementor-top-column elementor-element elementor-element-389a761\" data-id=\"389a761\" data-element_type=\"column\">\n\t\t\t<div class=\"elementor-widget-wrap elementor-element-populated\">\n\t\t\t\t\t\t\t\t<section class=\"elementor-section elementor-inner-section elementor-element elementor-element-b374622 elementor-section-full_width elementor-section-height-default elementor-section-height-default\" data-id=\"b374622\" data-element_type=\"section\">\n\t\t\t\t\t\t<div class=\"elementor-container elementor-column-gap-default\">\n\t\t\t\t\t<div class=\"elementor-column elementor-col-50 elementor-inner-column elementor-element elementor-element-fa9c10e\" data-id=\"fa9c10e\" data-element_type=\"column\">\n\t\t\t<div class=\"elementor-widget-wrap elementor-element-populated\">\n\t\t\t\t\t\t\t\t<div class=\"elementor-element elementor-element-9a45855 elementor-widget elementor-widget-image\" data-id=\"9a45855\" data-element_type=\"widget\" data-widget_type=\"image.default\">\n\t\t\t\t<div class=\"elementor-widget-container\">\n\t\t\t\t\t\t\t\t\t\t\t\t\t\t\t<img decoding=\"async\" width=\"900\" height=\"318\" src=\"https:\/\/notion.ch\/wp-content\/uploads\/2024\/01\/crows-lab-1024x362.png\" class=\"attachment-large size-large wp-image-2520\" alt=\"\" srcset=\"https:\/\/notion.ch\/wp-content\/uploads\/2024\/01\/crows-lab-1024x362.png 1024w, https:\/\/notion.ch\/wp-content\/uploads\/2024\/01\/crows-lab-300x106.png 300w, https:\/\/notion.ch\/wp-content\/uploads\/2024\/01\/crows-lab-768x272.png 768w, https:\/\/notion.ch\/wp-content\/uploads\/2024\/01\/crows-lab-1536x544.png 1536w, https:\/\/notion.ch\/wp-content\/uploads\/2024\/01\/crows-lab-2048x725.png 2048w, https:\/\/notion.ch\/wp-content\/uploads\/2024\/01\/crows-lab-950x336.png 950w, https:\/\/notion.ch\/wp-content\/uploads\/2024\/01\/crows-lab-1920x680.png 1920w\" sizes=\"(max-width: 900px) 100vw, 900px\" \/>\t\t\t\t\t\t\t\t\t\t\t\t\t\t\t<\/div>\n\t\t\t\t<\/div>\n\t\t\t\t<div class=\"elementor-element elementor-element-c56ef51 elementor-widget elementor-widget-lettery-description\" data-id=\"c56ef51\" data-element_type=\"widget\" data-widget_type=\"lettery-description.default\">\n\t\t\t\t<div class=\"elementor-widget-container\">\n\t\t\t\n\t\t\t\t<div class=\"mil-text mil-appearance mil-mb-30\">\n\t\t\t<div >\n\t\t\t\t<p><strong>JavaScript-Entwicklung<\/strong><br \/>Das Crows Lab in Utrecht, NL ist unser externes Entwicklungsteam, das sich auf JavaScript-Codierung f\u00fcr CRO und Experimentation spezialisiert hat.<\/p>\t\t\t<\/div>\n\t\t<\/div>\n\t\t\n\t\t\t\t<\/div>\n\t\t\t\t<\/div>\n\t\t\t\t\t<\/div>\n\t\t<\/div>\n\t\t\t\t<div class=\"elementor-column elementor-col-50 elementor-inner-column elementor-element elementor-element-024e8a7\" data-id=\"024e8a7\" data-element_type=\"column\">\n\t\t\t<div class=\"elementor-widget-wrap elementor-element-populated\">\n\t\t\t\t\t\t\t\t<div class=\"elementor-element elementor-element-c0b4e6a elementor-widget elementor-widget-image\" data-id=\"c0b4e6a\" data-element_type=\"widget\" data-widget_type=\"image.default\">\n\t\t\t\t<div class=\"elementor-widget-container\">\n\t\t\t\t\t\t\t\t\t\t\t\t\t\t\t<img decoding=\"async\" width=\"283\" height=\"58\" src=\"https:\/\/notion.ch\/wp-content\/uploads\/2024\/01\/SiteSpect_Logo_Color-white-text.svg\" class=\"attachment-large size-large wp-image-2522\" alt=\"SiteSpect logo\" \/>\t\t\t\t\t\t\t\t\t\t\t\t\t\t\t<\/div>\n\t\t\t\t<\/div>\n\t\t\t\t<div class=\"elementor-element elementor-element-ee57225 elementor-widget elementor-widget-lettery-description\" data-id=\"ee57225\" data-element_type=\"widget\" data-widget_type=\"lettery-description.default\">\n\t\t\t\t<div class=\"elementor-widget-container\">\n\t\t\t\n\t\t\t\t<div class=\"mil-text mil-appearance mil-mb-30\">\n\t\t\t<div >\n\t\t\t\t<p><strong>CRO &amp; Personalisierungs-Engine<\/strong><br \/>SiteSpect ist unser Tool der Wahl f\u00fcr hochmoderne serverseitige Test-Setups zur Maximierung der Wirkung unserer Experimentierprogramme.<\/p>\t\t\t<\/div>\n\t\t<\/div>\n\t\t\n\t\t\t\t<\/div>\n\t\t\t\t<\/div>\n\t\t\t\t\t<\/div>\n\t\t<\/div>\n\t\t\t\t\t\t\t<\/div>\n\t\t<\/section>\n\t\t\t\t\t<\/div>\n\t\t<\/div>\n\t\t\t\t\t\t\t<\/div>\n\t\t<\/section>\n\t\t\t\t<section class=\"elementor-section elementor-top-section elementor-element elementor-element-b088a90 elementor-section-full_width elementor-section-height-default elementor-section-height-default\" data-id=\"b088a90\" data-element_type=\"section\">\n\t\t\t\t\t\t<div class=\"elementor-container elementor-column-gap-no\">\n\t\t\t\t\t<div class=\"elementor-column elementor-col-100 elementor-top-column elementor-element elementor-element-af00fdf\" data-id=\"af00fdf\" data-element_type=\"column\">\n\t\t\t<div class=\"elementor-widget-wrap elementor-element-populated\">\n\t\t\t\t\t\t\t\t<div class=\"elementor-element elementor-element-3227105 elementor-widget elementor-widget-lettery-cta\" data-id=\"3227105\" data-element_type=\"widget\" data-widget_type=\"lettery-cta.default\">\n\t\t\t\t<div class=\"elementor-widget-container\">\n\t\t\t\n\t\t<div class=\"mil-accent-bg\">\n\t\t\t<div class=\"container mil-p-60-30\">\n\t\t\t\t<div class=\"row align-items-center\">\n\t\t\t\t\t<div class=\"col-lg-9 mil-mb-30\">\n\t\t\t\t\t\t\t\t\t\t\t\t<h4 class=\"mil-buttons-space\">\n\t\t\t\t\t\t\t<span >\n\t\t\t\t\t\t\t\tWillst du mit uns zusammenarbeiten oder ein Teil davon werden?\t\t\t\t\t\t\t<\/span>\n\t\t\t\t\t\t<\/h4>\n\t\t\t\t\t\t\t\t\t\t\t<\/div>\n\t\t\t\t\t<div class=\"col-lg-3 mil-mb-30\">\n\t\t\t\t\t\t\t\t\t\t\t\t<a href=\"\/de\/kontakt\" class=\"mil-float-right mil-button mil-button-lg mil-button-dark mil-scale-down-trigger mil-accent-trigger\">\n\t\t\t\t\t\t\t<span >\n\t\t\t\t\t\t\t\tMelde dich\t\t\t\t\t\t\t<\/span>\n\t\t\t\t\t\t<\/a>\n\t\t\t\t\t\t\t\t\t\t\t<\/div>\n\t\t\t\t<\/div>\n\t\t\t<\/div>\n\t\t<\/div>\n\n\t\t\t\t<\/div>\n\t\t\t\t<\/div>\n\t\t\t\t\t<\/div>\n\t\t<\/div>\n\t\t\t\t\t\t\t<\/div>\n\t\t<\/section>\n\t\t\t\t\t\t\t<\/div>\n\t\t","protected":false},"excerpt":{"rendered":"<p>\u00dcber notion Notion wurde mit dem Ziel gegr\u00fcndet, Unternehmen auf der ganzen Welt dabei zu helfen, die M\u00f6glichkeiten des digitalen.. <span class=\"mil-el-more\"><a href=\"https:\/\/notion.ch\/de\/ueber-notion\/\" class=\"mil-button mil-button-lg\"><span>Read more<\/span><\/a><\/span><\/p>\n","protected":false},"author":1,"featured_media":0,"parent":0,"menu_order":0,"comment_status":"closed","ping_status":"closed","template":"template-layout-builder.php","meta":{"inline_featured_image":false,"_monsterinsights_skip_tracking":false,"_monsterinsights_sitenote_active":false,"_monsterinsights_sitenote_note":"","_monsterinsights_sitenote_category":0,"footnotes":""},"acf":[],"aioseo_notices":[],"_links":{"self":[{"href":"https:\/\/notion.ch\/de\/wp-json\/wp\/v2\/pages\/2680"}],"collection":[{"href":"https:\/\/notion.ch\/de\/wp-json\/wp\/v2\/pages"}],"about":[{"href":"https:\/\/notion.ch\/de\/wp-json\/wp\/v2\/types\/page"}],"author":[{"embeddable":true,"href":"https:\/\/notion.ch\/de\/wp-json\/wp\/v2\/users\/1"}],"replies":[{"embeddable":true,"href":"https:\/\/notion.ch\/de\/wp-json\/wp\/v2\/comments?post=2680"}],"version-history":[{"count":4,"href":"https:\/\/notion.ch\/de\/wp-json\/wp\/v2\/pages\/2680\/revisions"}],"predecessor-version":[{"id":2736,"href":"https:\/\/notion.ch\/de\/wp-json\/wp\/v2\/pages\/2680\/revisions\/2736"}],"wp:attachment":[{"href":"https:\/\/notion.ch\/de\/wp-json\/wp\/v2\/media?parent=2680"}],"curies":[{"name":"wp","href":"https:\/\/api.w.org\/{rel}","templated":true}]}}