{"id":2678,"date":"2023-12-23T18:08:43","date_gmt":"2023-12-23T17:08:43","guid":{"rendered":"https:\/\/notion.ch\/leistungen\/retention\/"},"modified":"2024-02-20T13:16:23","modified_gmt":"2024-02-20T12:16:23","slug":"retention","status":"publish","type":"page","link":"https:\/\/notion.ch\/de\/leistungen\/retention\/","title":{"rendered":"Retention"},"content":{"rendered":"\t\t<div data-elementor-type=\"wp-page\" data-elementor-id=\"2678\" class=\"elementor elementor-2678 elementor-2378\" data-elementor-post-type=\"page\">\n\t\t\t\t\t\t\t\t\t<section class=\"elementor-section elementor-top-section elementor-element elementor-element-4238299 elementor-section-full_width elementor-section-height-default elementor-section-height-default\" data-id=\"4238299\" data-element_type=\"section\">\n\t\t\t\t\t\t<div class=\"elementor-container elementor-column-gap-no\">\n\t\t\t\t\t<div class=\"elementor-column elementor-col-100 elementor-top-column elementor-element elementor-element-fc7a198\" data-id=\"fc7a198\" data-element_type=\"column\">\n\t\t\t<div class=\"elementor-widget-wrap elementor-element-populated\">\n\t\t\t\t\t\t\t\t<div class=\"elementor-element elementor-element-9f1a704 elementor-widget elementor-widget-lettery-intro\" data-id=\"9f1a704\" data-element_type=\"widget\" data-widget_type=\"lettery-intro.default\">\n\t\t\t\t<div class=\"elementor-widget-container\">\n\t\t\t\n\t\t<!-- intro -->\n\t\t<div class=\"mil-small-banner\">\n\t\t\t<div class=\"mil-image-frame\">\n\t\t\t\t<!-- banner image -->\n\t\t\t\t\t\t\t\t<img decoding=\"async\" src=\"https:\/\/notion.ch\/wp-content\/uploads\/2023\/12\/services_background_3.jpg\" alt=\"\" class=\"mil-scale-img\" data-value-1=\".5\" data-value-2=\"1.2\" \/>\n\t\t\t\t\t\t\t\t<div class=\"mil-gradient-overlay-reverse\"><\/div>\n\t\t\t<\/div>\n\t\t<\/div>\n\n\t\t<div class=\"mil-spacer\"><\/div>\n\t\t<!-- intro end -->\n\n\t\t\t\t<\/div>\n\t\t\t\t<\/div>\n\t\t\t\t\t<\/div>\n\t\t<\/div>\n\t\t\t\t\t\t\t<\/div>\n\t\t<\/section>\n\t\t\t\t<section class=\"elementor-section elementor-top-section elementor-element elementor-element-530d523 elementor-section-boxed elementor-section-height-default elementor-section-height-default\" data-id=\"530d523\" data-element_type=\"section\">\n\t\t\t\t\t\t<div class=\"elementor-container elementor-column-gap-default\">\n\t\t\t\t\t<div class=\"elementor-column elementor-col-100 elementor-top-column elementor-element elementor-element-c54e86b\" data-id=\"c54e86b\" data-element_type=\"column\">\n\t\t\t<div class=\"elementor-widget-wrap elementor-element-populated\">\n\t\t\t\t\t\t\t\t<section class=\"elementor-section elementor-inner-section elementor-element elementor-element-1ffd571 elementor-section-full_width elementor-section-height-default elementor-section-height-default\" data-id=\"1ffd571\" data-element_type=\"section\">\n\t\t\t\t\t\t<div class=\"elementor-container elementor-column-gap-no\">\n\t\t\t\t\t<div class=\"elementor-column elementor-col-50 elementor-inner-column elementor-element elementor-element-f15e4a5\" data-id=\"f15e4a5\" data-element_type=\"column\">\n\t\t\t<div class=\"elementor-widget-wrap elementor-element-populated\">\n\t\t\t\t\t\t\t\t<div class=\"elementor-element elementor-element-649b171 elementor-widget elementor-widget-lettery-about-us\" data-id=\"649b171\" data-element_type=\"widget\" data-widget_type=\"lettery-about-us.default\">\n\t\t\t\t<div class=\"elementor-widget-container\">\n\t\t\t\n\t\t\t\t<span class=\"mil-link mil-softened-60 mil-appearance mil-mb-30\">\n\t\t\t<span >\n\t\t\t\tLeistungen\t\t\t<\/span>\n\t\t<\/span>\n\t\t\n\t\t\n\t\t\t\t<\/div>\n\t\t\t\t<\/div>\n\t\t\t\t<div class=\"elementor-element elementor-element-f79690c elementor-headline--style-highlight elementor-widget elementor-widget-animated-headline\" data-id=\"f79690c\" data-element_type=\"widget\" data-settings=\"{&quot;highlighted_text&quot;:&quot;Kundenbindung&quot;,&quot;headline_style&quot;:&quot;highlight&quot;,&quot;marker&quot;:&quot;circle&quot;,&quot;loop&quot;:&quot;yes&quot;,&quot;highlight_animation_duration&quot;:1200,&quot;highlight_iteration_delay&quot;:8000}\" data-widget_type=\"animated-headline.default\">\n\t\t\t\t<div class=\"elementor-widget-container\">\n\t\t\t<link rel=\"stylesheet\" href=\"https:\/\/notion.ch\/wp-content\/plugins\/elementor-pro\/assets\/css\/widget-animated-headline.min.css\">\t\t<h3 class=\"elementor-headline\">\n\t\t\t\t\t<span class=\"elementor-headline-plain-text elementor-headline-text-wrapper\">Retention und<\/span>\n\t\t\t\t<span class=\"elementor-headline-dynamic-wrapper elementor-headline-text-wrapper\">\n\t\t\t\t\t<span class=\"elementor-headline-dynamic-text elementor-headline-text-active\">Kundenbindung<\/span>\n\t\t\t\t<\/span>\n\t\t\t\t<\/h3>\n\t\t\t\t<\/div>\n\t\t\t\t<\/div>\n\t\t\t\t<div class=\"elementor-element elementor-element-f0cb3cc elementor-widget elementor-widget-lettery-description\" data-id=\"f0cb3cc\" data-element_type=\"widget\" data-widget_type=\"lettery-description.default\">\n\t\t\t\t<div class=\"elementor-widget-container\">\n\t\t\t\n\t\t\t\t<div class=\"mil-text mil-appearance mil-mb-30\">\n\t\t\t<div >\n\t\t\t\t<p>In der heutigen wettbewerbsorientierten digitalen Landschaft ist die Kundenbindung genauso wichtig wie die Kundengewinnung. Unsere Dienstleistungen sind auf die Pflege dauerhafter Kundenbeziehungen zugeschnitten und darauf ausgerichtet, Kunden nicht nur zu binden, sondern sie auch zu leidenschaftlichen F\u00fcrsprechern eurer Marke zu machen. Durch den Einsatz modernster Strategien und Personalisierung helfen wir dabei, ein nahtloses und massgeschneidertes Erlebnis f\u00fcr eure Kunden zu schaffen und sicherzustellen, dass sie eurer Marke langfristig verbunden und treu bleiben.<\/p>\t\t\t<\/div>\n\t\t<\/div>\n\t\t\n\t\t\t\t<\/div>\n\t\t\t\t<\/div>\n\t\t\t\t<div class=\"elementor-element elementor-element-d243d9a elementor-widget elementor-widget-lettery-buttons\" data-id=\"d243d9a\" data-element_type=\"widget\" data-widget_type=\"lettery-buttons.default\">\n\t\t\t\t<div class=\"elementor-widget-container\">\n\t\t\t\t\t\n\t\t\t\t<!-- buttons -->\n\t\t<div class=\"mil-appearance\">\n\t\t\t\t\t\t\t\t\t<a href=\"\/de\/kontakt\" class=\"mil-button mil-button-lg mil-scale-down-trigger\">\n\t\t\t\t<span >\n\t\t\t\t\tGleich loslegen\t\t\t\t<\/span>\n\t\t\t<\/a>\n\t\t\t\t\t\t\t\t<\/div>\n\t\t<!-- buttons end -->\n\t\t\n\t\t\t\t<\/div>\n\t\t\t\t<\/div>\n\t\t\t\t\t<\/div>\n\t\t<\/div>\n\t\t\t\t<div class=\"elementor-column elementor-col-50 elementor-inner-column elementor-element elementor-element-562d0ce\" data-id=\"562d0ce\" data-element_type=\"column\">\n\t\t\t<div class=\"elementor-widget-wrap elementor-element-populated\">\n\t\t\t\t\t\t\t\t<div class=\"elementor-element elementor-element-ab2da05 elementor-widget elementor-widget-lettery-accordion\" data-id=\"ab2da05\" data-element_type=\"widget\" data-widget_type=\"lettery-accordion.default\">\n\t\t\t\t<div class=\"elementor-widget-container\">\n\t\t\t\t\t\n\t\t\t\t<div class=\"mil-accordion\">\n\t\t\t\t\t\t<div class=\"mil-accordion-group mil-appearance\">\n\t\t\t\t<div class=\"mil-accordion-menu\">\n\t\t\t\t\t\t\t\t\t\t<h6>\n\t\t\t\t\t\t<span >\n\t\t\t\t\t\t\tRetention Audit\t\t\t\t\t\t<\/span>\n\t\t\t\t\t<\/h6>\n\t\t\t\t\t\t\t\t\t\t<div class=\"mil-accordion-plus\">+<\/div>\n\t\t\t\t\t<div class=\"mil-accordion-minus\">-<\/div>\n\t\t\t\t<\/div>\n\t\t\t\t<div class=\"mil-accordion-content\">\n\t\t\t\t\t\t\t\t\t\t<div >\n\t\t\t\t\t\t<p>Wir nehmen eure aktuellen Kundenbindungsstrategien und Advocacy-Programme genau unter die Lupe, indem wir eure Customer Journey, Engagement Metrics und Feedback-Kan\u00e4le analysieren, um St\u00e4rken und Schw\u00e4chen zu identifizieren. Diese Pr\u00fcfung ist entscheidend, um zu verstehen, wie effektiv ihr die Kundenbeziehungen pflegt und zufriedene Kunden zu F\u00fcrsprechern der Marke macht. Wir liefern umsetzbare Erkenntnisse und strategische Empfehlungen zur Verbesserung der Kundenbindung.<\/p>\t\t\t\t\t<\/div>\n\t\t\t\t\t\t\t\t\t<\/div>\n\t\t\t<\/div>\n\t\t\t\t\t\t<div class=\"mil-accordion-group mil-appearance\">\n\t\t\t\t<div class=\"mil-accordion-menu\">\n\t\t\t\t\t\t\t\t\t\t<h6>\n\t\t\t\t\t\t<span >\n\t\t\t\t\t\t\tPersonalisierung\t\t\t\t\t\t<\/span>\n\t\t\t\t\t<\/h6>\n\t\t\t\t\t\t\t\t\t\t<div class=\"mil-accordion-plus\">+<\/div>\n\t\t\t\t\t<div class=\"mil-accordion-minus\">-<\/div>\n\t\t\t\t<\/div>\n\t\t\t\t<div class=\"mil-accordion-content\">\n\t\t\t\t\t\t\t\t\t\t<div >\n\t\t\t\t\t\t<p>Unser Personalisierungsprogramm zielt darauf ab, f\u00fcr jeden Kunden ein einzigartiges und massgeschneidertes Erlebnis zu schaffen. Wir nutzen datengest\u00fctzte Erkenntnisse und Experimente, um individuelle Kundenpr\u00e4ferenzen und -verhaltensweisen zu verstehen und personalisierte Kommunikation und Angebote zu entwickeln. Dieser Ansatz steigert nicht nur die Kundenzufriedenheit, sondern auch das Engagement und die Loyalit\u00e4t der Kunden. Ziel ist es, dass sich jede Interaktion mit eurer Marke einmalig pers\u00f6nlich und relevant anf\u00fchlt.<\/p>\t\t\t\t\t<\/div>\n\t\t\t\t\t\t\t\t\t<\/div>\n\t\t\t<\/div>\n\t\t\t\t\t\t<div class=\"mil-accordion-group mil-appearance\">\n\t\t\t\t<div class=\"mil-accordion-menu\">\n\t\t\t\t\t\t\t\t\t\t<h6>\n\t\t\t\t\t\t<span >\n\t\t\t\t\t\t\tMarketing Automation Setup\t\t\t\t\t\t<\/span>\n\t\t\t\t\t<\/h6>\n\t\t\t\t\t\t\t\t\t\t<div class=\"mil-accordion-plus\">+<\/div>\n\t\t\t\t\t<div class=\"mil-accordion-minus\">-<\/div>\n\t\t\t\t<\/div>\n\t\t\t\t<div class=\"mil-accordion-content\">\n\t\t\t\t\t\t\t\t\t\t<div >\n\t\t\t\t\t\t<p>Mit der Einrichtung einer effektiven Marketing-Automatisierung legen wir den Grundstein f\u00fcr eine effiziente und effektive Kundenansprache. Wir unterst\u00fctzen bei der Auswahl und Implementierung der richtigen Automatisierungstools, die mit euren Gesch\u00e4ftszielen \u00fcbereinstimmen. Dazu geh\u00f6ren die Einrichtung von automatisierten E-Mail-Kampagnen, Kundensegmentierung und verhaltensgesteuerten Nachrichten. So wird sichergestellt, dass eure Marketingmassnahmen rationalisiert, konsistent und skalierbar sind und ihr eure Kunden mit der richtigen Botschaft zur richtigen Zeit erreichen k\u00f6nnt.<\/p>\t\t\t\t\t<\/div>\n\t\t\t\t\t\t\t\t\t<\/div>\n\t\t\t<\/div>\n\t\t\t\t\t\t<div class=\"mil-accordion-group mil-appearance\">\n\t\t\t\t<div class=\"mil-accordion-menu\">\n\t\t\t\t\t\t\t\t\t\t<h6>\n\t\t\t\t\t\t<span >\n\t\t\t\t\t\t\tFortlaufende Marketing Automation\t\t\t\t\t\t<\/span>\n\t\t\t\t\t<\/h6>\n\t\t\t\t\t\t\t\t\t\t<div class=\"mil-accordion-plus\">+<\/div>\n\t\t\t\t\t<div class=\"mil-accordion-minus\">-<\/div>\n\t\t\t\t<\/div>\n\t\t\t\t<div class=\"mil-accordion-content\">\n\t\t\t\t\t\t\t\t\t\t<div >\n\t\t\t\t\t\t<p>Dieses Programm bietet eine kontinuierliche Verwaltung und Optimierung Ihrer automatisierten Marketingmassnahmen. Wir \u00fcberwachen, analysieren und verfeinern eure Automatisierungsstrategien kontinuierlich, um sicherzustellen, dass sie effektiv bleiben und mit den sich entwickelnden Kundenerwartungen und -verhaltensweisen \u00fcbereinstimmen. Dazu geh\u00f6ren die Aktualisierung von Kundensegmenten, die Optimierung des Messagings und die Einf\u00fchrung neuer Automatisierungsfunktionen nach Bedarf. Durch die Aufrechterhaltung eines dynamischen und reaktionsf\u00e4higen Marketing-Automatisierungsrahmens helfen wir euch, bei der Pflege und dem Ausbau eurer Kundenbeziehungen die Nase vorn zu haben.<\/p>\t\t\t\t\t<\/div>\n\t\t\t\t\t\t\t\t\t<\/div>\n\t\t\t<\/div>\n\t\t\t\t\t<\/div>\n\t\t\n\t\t\t\t<\/div>\n\t\t\t\t<\/div>\n\t\t\t\t\t<\/div>\n\t\t<\/div>\n\t\t\t\t\t\t\t<\/div>\n\t\t<\/section>\n\t\t\t\t\t<\/div>\n\t\t<\/div>\n\t\t\t\t\t\t\t<\/div>\n\t\t<\/section>\n\t\t\t\t\t\t\t<\/div>\n\t\t","protected":false},"excerpt":{"rendered":"<p>Leistungen Retention und Kundenbindung In der heutigen wettbewerbsorientierten digitalen Landschaft ist die Kundenbindung genauso wichtig wie die Kundengewinnung. Unsere Dienstleistungen.. <span class=\"mil-el-more\"><a href=\"https:\/\/notion.ch\/de\/leistungen\/retention\/\" class=\"mil-button mil-button-lg\"><span>Read more<\/span><\/a><\/span><\/p>\n","protected":false},"author":1,"featured_media":0,"parent":2659,"menu_order":0,"comment_status":"closed","ping_status":"closed","template":"template-layout-builder.php","meta":{"inline_featured_image":false,"_monsterinsights_skip_tracking":false,"_monsterinsights_sitenote_active":false,"_monsterinsights_sitenote_note":"","_monsterinsights_sitenote_category":0,"footnotes":""},"acf":[],"aioseo_notices":[],"_links":{"self":[{"href":"https:\/\/notion.ch\/de\/wp-json\/wp\/v2\/pages\/2678"}],"collection":[{"href":"https:\/\/notion.ch\/de\/wp-json\/wp\/v2\/pages"}],"about":[{"href":"https:\/\/notion.ch\/de\/wp-json\/wp\/v2\/types\/page"}],"author":[{"embeddable":true,"href":"https:\/\/notion.ch\/de\/wp-json\/wp\/v2\/users\/1"}],"replies":[{"embeddable":true,"href":"https:\/\/notion.ch\/de\/wp-json\/wp\/v2\/comments?post=2678"}],"version-history":[{"count":4,"href":"https:\/\/notion.ch\/de\/wp-json\/wp\/v2\/pages\/2678\/revisions"}],"predecessor-version":[{"id":2732,"href":"https:\/\/notion.ch\/de\/wp-json\/wp\/v2\/pages\/2678\/revisions\/2732"}],"up":[{"embeddable":true,"href":"https:\/\/notion.ch\/de\/wp-json\/wp\/v2\/pages\/2659"}],"wp:attachment":[{"href":"https:\/\/notion.ch\/de\/wp-json\/wp\/v2\/media?parent=2678"}],"curies":[{"name":"wp","href":"https:\/\/api.w.org\/{rel}","templated":true}]}}