{"id":2676,"date":"2023-12-18T20:14:56","date_gmt":"2023-12-18T19:14:56","guid":{"rendered":"https:\/\/notion.ch\/leistungen\/data-insights\/"},"modified":"2024-02-20T13:03:20","modified_gmt":"2024-02-20T12:03:20","slug":"data-insights","status":"publish","type":"page","link":"https:\/\/notion.ch\/de\/leistungen\/data-insights\/","title":{"rendered":"Data &amp; Insights"},"content":{"rendered":"\t\t<div data-elementor-type=\"wp-page\" data-elementor-id=\"2676\" class=\"elementor elementor-2676 elementor-2346\" data-elementor-post-type=\"page\">\n\t\t\t\t\t\t\t\t\t<section class=\"elementor-section elementor-top-section elementor-element elementor-element-4238299 elementor-section-full_width elementor-section-height-default elementor-section-height-default\" data-id=\"4238299\" data-element_type=\"section\">\n\t\t\t\t\t\t<div class=\"elementor-container elementor-column-gap-no\">\n\t\t\t\t\t<div class=\"elementor-column elementor-col-100 elementor-top-column elementor-element elementor-element-fc7a198\" data-id=\"fc7a198\" data-element_type=\"column\">\n\t\t\t<div class=\"elementor-widget-wrap elementor-element-populated\">\n\t\t\t\t\t\t\t\t<div class=\"elementor-element elementor-element-9f1a704 elementor-widget elementor-widget-lettery-intro\" data-id=\"9f1a704\" data-element_type=\"widget\" data-widget_type=\"lettery-intro.default\">\n\t\t\t\t<div class=\"elementor-widget-container\">\n\t\t\t\n\t\t<!-- intro -->\n\t\t<div class=\"mil-small-banner\">\n\t\t\t<div class=\"mil-image-frame\">\n\t\t\t\t<!-- banner image -->\n\t\t\t\t\t\t\t\t<img decoding=\"async\" src=\"https:\/\/notion.ch\/wp-content\/uploads\/2023\/12\/services_background_3.jpg\" alt=\"\" class=\"mil-scale-img\" data-value-1=\".5\" data-value-2=\"1.2\" \/>\n\t\t\t\t\t\t\t\t<div class=\"mil-gradient-overlay-reverse\"><\/div>\n\t\t\t<\/div>\n\t\t<\/div>\n\n\t\t<div class=\"mil-spacer\"><\/div>\n\t\t<!-- intro end -->\n\n\t\t\t\t<\/div>\n\t\t\t\t<\/div>\n\t\t\t\t\t<\/div>\n\t\t<\/div>\n\t\t\t\t\t\t\t<\/div>\n\t\t<\/section>\n\t\t\t\t<section class=\"elementor-section elementor-top-section elementor-element elementor-element-530d523 elementor-section-boxed elementor-section-height-default elementor-section-height-default\" data-id=\"530d523\" data-element_type=\"section\">\n\t\t\t\t\t\t<div class=\"elementor-container elementor-column-gap-default\">\n\t\t\t\t\t<div class=\"elementor-column elementor-col-100 elementor-top-column elementor-element elementor-element-c54e86b\" data-id=\"c54e86b\" data-element_type=\"column\">\n\t\t\t<div class=\"elementor-widget-wrap elementor-element-populated\">\n\t\t\t\t\t\t\t\t<section class=\"elementor-section elementor-inner-section elementor-element elementor-element-1ffd571 elementor-section-full_width elementor-section-height-default elementor-section-height-default\" data-id=\"1ffd571\" data-element_type=\"section\">\n\t\t\t\t\t\t<div class=\"elementor-container elementor-column-gap-no\">\n\t\t\t\t\t<div class=\"elementor-column elementor-col-50 elementor-inner-column elementor-element elementor-element-f15e4a5\" data-id=\"f15e4a5\" data-element_type=\"column\">\n\t\t\t<div class=\"elementor-widget-wrap elementor-element-populated\">\n\t\t\t\t\t\t\t\t<div class=\"elementor-element elementor-element-649b171 elementor-widget elementor-widget-lettery-about-us\" data-id=\"649b171\" data-element_type=\"widget\" data-widget_type=\"lettery-about-us.default\">\n\t\t\t\t<div class=\"elementor-widget-container\">\n\t\t\t\n\t\t\t\t<span class=\"mil-link mil-softened-60 mil-appearance mil-mb-30\">\n\t\t\t<span >\n\t\t\t\tLeistungen\t\t\t<\/span>\n\t\t<\/span>\n\t\t\n\t\t\n\t\t\t\t<\/div>\n\t\t\t\t<\/div>\n\t\t\t\t<div class=\"elementor-element elementor-element-f79690c elementor-headline--style-highlight elementor-widget elementor-widget-animated-headline\" data-id=\"f79690c\" data-element_type=\"widget\" data-settings=\"{&quot;highlighted_text&quot;:&quot;Insights&quot;,&quot;headline_style&quot;:&quot;highlight&quot;,&quot;marker&quot;:&quot;circle&quot;,&quot;loop&quot;:&quot;yes&quot;,&quot;highlight_animation_duration&quot;:1200,&quot;highlight_iteration_delay&quot;:8000}\" data-widget_type=\"animated-headline.default\">\n\t\t\t\t<div class=\"elementor-widget-container\">\n\t\t\t<link rel=\"stylesheet\" href=\"https:\/\/notion.ch\/wp-content\/plugins\/elementor-pro\/assets\/css\/widget-animated-headline.min.css\">\t\t<h3 class=\"elementor-headline\">\n\t\t\t\t\t<span class=\"elementor-headline-plain-text elementor-headline-text-wrapper\">Data &amp;<\/span>\n\t\t\t\t<span class=\"elementor-headline-dynamic-wrapper elementor-headline-text-wrapper\">\n\t\t\t\t\t<span class=\"elementor-headline-dynamic-text elementor-headline-text-active\">Insights<\/span>\n\t\t\t\t<\/span>\n\t\t\t\t<\/h3>\n\t\t\t\t<\/div>\n\t\t\t\t<\/div>\n\t\t\t\t<div class=\"elementor-element elementor-element-f0cb3cc elementor-widget elementor-widget-lettery-description\" data-id=\"f0cb3cc\" data-element_type=\"widget\" data-widget_type=\"lettery-description.default\">\n\t\t\t\t<div class=\"elementor-widget-container\">\n\t\t\t\n\t\t\t\t<div class=\"mil-text mil-appearance mil-mb-30\">\n\t\t\t<div >\n\t\t\t\t<p>Was auch immer wir bei notion tun, es beginnt und endet mit Daten. Wir st\u00fctzen uns nicht auf unsere Erfahrung, um zu entscheiden, was zu tun ist, sondern wir gehen dorthin, wo uns die Daten hinf\u00fchren. Es gibt aber auch eine Menge Dinge, die wir tun, um aus euren Daten umsetzbare Erkenntnisse zu gewinnen. Mehr dazu findet ihr hier.<\/p>\t\t\t<\/div>\n\t\t<\/div>\n\t\t\n\t\t\t\t<\/div>\n\t\t\t\t<\/div>\n\t\t\t\t<div class=\"elementor-element elementor-element-d243d9a elementor-widget elementor-widget-lettery-buttons\" data-id=\"d243d9a\" data-element_type=\"widget\" data-widget_type=\"lettery-buttons.default\">\n\t\t\t\t<div class=\"elementor-widget-container\">\n\t\t\t\t\t\n\t\t\t\t<!-- buttons -->\n\t\t<div class=\"mil-appearance\">\n\t\t\t\t\t\t\t\t\t<a href=\"\/de\/kontakt\" class=\"mil-button mil-button-lg mil-scale-down-trigger\">\n\t\t\t\t<span >\n\t\t\t\t\tJetzt loslegen\t\t\t\t<\/span>\n\t\t\t<\/a>\n\t\t\t\t\t\t\t\t<\/div>\n\t\t<!-- buttons end -->\n\t\t\n\t\t\t\t<\/div>\n\t\t\t\t<\/div>\n\t\t\t\t\t<\/div>\n\t\t<\/div>\n\t\t\t\t<div class=\"elementor-column elementor-col-50 elementor-inner-column elementor-element elementor-element-562d0ce\" data-id=\"562d0ce\" data-element_type=\"column\">\n\t\t\t<div class=\"elementor-widget-wrap elementor-element-populated\">\n\t\t\t\t\t\t\t\t<div class=\"elementor-element elementor-element-ab2da05 elementor-widget elementor-widget-lettery-accordion\" data-id=\"ab2da05\" data-element_type=\"widget\" data-widget_type=\"lettery-accordion.default\">\n\t\t\t\t<div class=\"elementor-widget-container\">\n\t\t\t\t\t\n\t\t\t\t<div class=\"mil-accordion\">\n\t\t\t\t\t\t<div class=\"mil-accordion-group mil-appearance\">\n\t\t\t\t<div class=\"mil-accordion-menu\">\n\t\t\t\t\t\t\t\t\t\t<h6>\n\t\t\t\t\t\t<span >\n\t\t\t\t\t\t\tTracking Setup\t\t\t\t\t\t<\/span>\n\t\t\t\t\t<\/h6>\n\t\t\t\t\t\t\t\t\t\t<div class=\"mil-accordion-plus\">+<\/div>\n\t\t\t\t\t<div class=\"mil-accordion-minus\">-<\/div>\n\t\t\t\t<\/div>\n\t\t\t\t<div class=\"mil-accordion-content\">\n\t\t\t\t\t\t\t\t\t\t<div >\n\t\t\t\t\t\t<p>Habt ihr bereits einen grundlegenden Aufbau mit Google Analytics 4 und\/oder Google Tag Manager, der noch intelligenter werden muss? Oder fangt ihr gerade erst mit dem Online-Tracking an?<\/p><p>Wir sind Spezialisten f\u00fcr technisches Marketing und k\u00f6nnen euch in jeder Phase eurer Tracking-Reise helfen.<\/p>\t\t\t\t\t<\/div>\n\t\t\t\t\t\t\t\t\t<\/div>\n\t\t\t<\/div>\n\t\t\t\t\t\t<div class=\"mil-accordion-group mil-appearance\">\n\t\t\t\t<div class=\"mil-accordion-menu\">\n\t\t\t\t\t\t\t\t\t\t<h6>\n\t\t\t\t\t\t<span >\n\t\t\t\t\t\t\tAnalyse Wachstumspotenzial\t\t\t\t\t\t<\/span>\n\t\t\t\t\t<\/h6>\n\t\t\t\t\t\t\t\t\t\t<div class=\"mil-accordion-plus\">+<\/div>\n\t\t\t\t\t<div class=\"mil-accordion-minus\">-<\/div>\n\t\t\t\t<\/div>\n\t\t\t\t<div class=\"mil-accordion-content\">\n\t\t\t\t\t\t\t\t\t\t<div >\n\t\t\t\t\t\t<p>Gebt uns Zugang zu eurer aktuellen Analytics-Suite und wir werden die Zahlen auswerten und nicht nur die 'low hanging fruit' und schnellen Growth-Hacks aufdecken, sondern auch noch tief in den Setup gehen, sodass wir die Insights finden, die uns dazu f\u00fchren, langfristig ein nachhaltiges Wachstum zu erreichen.<\/p>\t\t\t\t\t<\/div>\n\t\t\t\t\t\t\t\t\t<\/div>\n\t\t\t<\/div>\n\t\t\t\t\t\t<div class=\"mil-accordion-group mil-appearance\">\n\t\t\t\t<div class=\"mil-accordion-menu\">\n\t\t\t\t\t\t\t\t\t\t<h6>\n\t\t\t\t\t\t<span >\n\t\t\t\t\t\t\tBusiness Intelligence Dashboards\t\t\t\t\t\t<\/span>\n\t\t\t\t\t<\/h6>\n\t\t\t\t\t\t\t\t\t\t<div class=\"mil-accordion-plus\">+<\/div>\n\t\t\t\t\t<div class=\"mil-accordion-minus\">-<\/div>\n\t\t\t\t<\/div>\n\t\t\t\t<div class=\"mil-accordion-content\">\n\t\t\t\t\t\t\t\t\t\t<div >\n\t\t\t\t\t\t<p>Um das Beste aus einem erstklassigen Tracking-Setup herauszuholen, m\u00fcsst ihr \u00fcber ebenso leistungsf\u00e4hige Dashboards verf\u00fcgen, damit ihr euch in der Datenmenge, die euch zur Verf\u00fcgung steht, nicht verirrt.<\/p><p>Wir f\u00fchren alle eure Datenquellen zusammen, damit alle wichtigen KPIs an einem Ort \u00fcberwacht werden k\u00f6nnen.<\/p>\t\t\t\t\t<\/div>\n\t\t\t\t\t\t\t\t\t<\/div>\n\t\t\t<\/div>\n\t\t\t\t\t\t<div class=\"mil-accordion-group mil-appearance\">\n\t\t\t\t<div class=\"mil-accordion-menu\">\n\t\t\t\t\t\t\t\t\t\t<h6>\n\t\t\t\t\t\t<span >\n\t\t\t\t\t\t\tData Pipeline Architektur\t\t\t\t\t\t<\/span>\n\t\t\t\t\t<\/h6>\n\t\t\t\t\t\t\t\t\t\t<div class=\"mil-accordion-plus\">+<\/div>\n\t\t\t\t\t<div class=\"mil-accordion-minus\">-<\/div>\n\t\t\t\t<\/div>\n\t\t\t\t<div class=\"mil-accordion-content\">\n\t\t\t\t\t\t\t\t\t\t<div >\n\t\t\t\t\t\t<p>Je mehr Daten wir messen und mit ihnen arbeiten, desto komplexer werden die Prozesse im Hintergrund. Wir helfen euch dabei, eure Datenpipelines effizient und intelligent zu gestalten, damit die Wartungskosten niedrig und die Datenqualit\u00e4t hoch bleibt.<\/p>\t\t\t\t\t<\/div>\n\t\t\t\t\t\t\t\t\t<\/div>\n\t\t\t<\/div>\n\t\t\t\t\t\t<div class=\"mil-accordion-group mil-appearance\">\n\t\t\t\t<div class=\"mil-accordion-menu\">\n\t\t\t\t\t\t\t\t\t\t<h6>\n\t\t\t\t\t\t<span >\n\t\t\t\t\t\t\tProzess-Automatisierung\t\t\t\t\t\t<\/span>\n\t\t\t\t\t<\/h6>\n\t\t\t\t\t\t\t\t\t\t<div class=\"mil-accordion-plus\">+<\/div>\n\t\t\t\t\t<div class=\"mil-accordion-minus\">-<\/div>\n\t\t\t\t<\/div>\n\t\t\t\t<div class=\"mil-accordion-content\">\n\t\t\t\t\t\t\t\t\t\t<div >\n\t\t\t\t\t\t<p>Das gr\u00f6sste Hindernis f\u00fcr Wachstum ist die menschliche Kapazit\u00e4t. Deshalb m\u00fcssen wir danach streben, jeden automatisierbaren Prozess zu automatisieren, damit wir unsere eigenen Kapazit\u00e4ten dort einsetzen k\u00f6nnen, wo sie am meisten gebraucht werden.<\/p><p>Wir helfen beim Aufbau automatisierter Prozesse wie Datenspeicherl\u00f6sungen, Instant-Messaging-Benachrichtigungen f\u00fcr Online-Aktionen digitaler Prozesse oder der automatisierten Datenerfassung von t\u00e4glichen Markt- und\/oder Kursdaten.<\/p>\t\t\t\t\t<\/div>\n\t\t\t\t\t\t\t\t\t<\/div>\n\t\t\t<\/div>\n\t\t\t\t\t<\/div>\n\t\t\n\t\t\t\t<\/div>\n\t\t\t\t<\/div>\n\t\t\t\t\t<\/div>\n\t\t<\/div>\n\t\t\t\t\t\t\t<\/div>\n\t\t<\/section>\n\t\t\t\t\t<\/div>\n\t\t<\/div>\n\t\t\t\t\t\t\t<\/div>\n\t\t<\/section>\n\t\t\t\t\t\t\t<\/div>\n\t\t","protected":false},"excerpt":{"rendered":"<p>Leistungen Data &amp; Insights Was auch immer wir bei notion tun, es beginnt und endet mit Daten. Wir st\u00fctzen uns.. <span class=\"mil-el-more\"><a href=\"https:\/\/notion.ch\/de\/leistungen\/data-insights\/\" class=\"mil-button mil-button-lg\"><span>Read more<\/span><\/a><\/span><\/p>\n","protected":false},"author":1,"featured_media":0,"parent":2659,"menu_order":0,"comment_status":"closed","ping_status":"closed","template":"template-layout-builder.php","meta":{"inline_featured_image":false,"_monsterinsights_skip_tracking":false,"_monsterinsights_sitenote_active":false,"_monsterinsights_sitenote_note":"","_monsterinsights_sitenote_category":0,"footnotes":""},"acf":[],"aioseo_notices":[],"_links":{"self":[{"href":"https:\/\/notion.ch\/de\/wp-json\/wp\/v2\/pages\/2676"}],"collection":[{"href":"https:\/\/notion.ch\/de\/wp-json\/wp\/v2\/pages"}],"about":[{"href":"https:\/\/notion.ch\/de\/wp-json\/wp\/v2\/types\/page"}],"author":[{"embeddable":true,"href":"https:\/\/notion.ch\/de\/wp-json\/wp\/v2\/users\/1"}],"replies":[{"embeddable":true,"href":"https:\/\/notion.ch\/de\/wp-json\/wp\/v2\/comments?post=2676"}],"version-history":[{"count":4,"href":"https:\/\/notion.ch\/de\/wp-json\/wp\/v2\/pages\/2676\/revisions"}],"predecessor-version":[{"id":2727,"href":"https:\/\/notion.ch\/de\/wp-json\/wp\/v2\/pages\/2676\/revisions\/2727"}],"up":[{"embeddable":true,"href":"https:\/\/notion.ch\/de\/wp-json\/wp\/v2\/pages\/2659"}],"wp:attachment":[{"href":"https:\/\/notion.ch\/de\/wp-json\/wp\/v2\/media?parent=2676"}],"curies":[{"name":"wp","href":"https:\/\/api.w.org\/{rel}","templated":true}]}}