{"id":2674,"date":"2023-12-18T20:27:53","date_gmt":"2023-12-18T19:27:53","guid":{"rendered":"https:\/\/notion.ch\/leistungen\/customer-experience-optimierung\/"},"modified":"2024-02-22T13:38:24","modified_gmt":"2024-02-22T12:38:24","slug":"customer-experience-optimierung","status":"publish","type":"page","link":"https:\/\/notion.ch\/de\/leistungen\/customer-experience-optimierung\/","title":{"rendered":"Customer Experience Optimierung"},"content":{"rendered":"\t\t<div data-elementor-type=\"wp-page\" data-elementor-id=\"2674\" class=\"elementor elementor-2674 elementor-2357\" data-elementor-post-type=\"page\">\n\t\t\t\t\t\t\t\t\t<section class=\"elementor-section elementor-top-section elementor-element elementor-element-4238299 elementor-section-full_width elementor-section-height-default elementor-section-height-default\" data-id=\"4238299\" data-element_type=\"section\">\n\t\t\t\t\t\t<div class=\"elementor-container elementor-column-gap-no\">\n\t\t\t\t\t<div class=\"elementor-column elementor-col-100 elementor-top-column elementor-element elementor-element-fc7a198\" data-id=\"fc7a198\" data-element_type=\"column\">\n\t\t\t<div class=\"elementor-widget-wrap elementor-element-populated\">\n\t\t\t\t\t\t\t\t<div class=\"elementor-element elementor-element-9f1a704 elementor-widget elementor-widget-lettery-intro\" data-id=\"9f1a704\" data-element_type=\"widget\" data-widget_type=\"lettery-intro.default\">\n\t\t\t\t<div class=\"elementor-widget-container\">\n\t\t\t\n\t\t<!-- intro -->\n\t\t<div class=\"mil-small-banner\">\n\t\t\t<div class=\"mil-image-frame\">\n\t\t\t\t<!-- banner image -->\n\t\t\t\t\t\t\t\t<img decoding=\"async\" src=\"https:\/\/notion.ch\/wp-content\/uploads\/2023\/12\/services_background_3.jpg\" alt=\"\" class=\"mil-scale-img\" data-value-1=\".5\" data-value-2=\"1.2\" \/>\n\t\t\t\t\t\t\t\t<div class=\"mil-gradient-overlay-reverse\"><\/div>\n\t\t\t<\/div>\n\t\t<\/div>\n\n\t\t<div class=\"mil-spacer\"><\/div>\n\t\t<!-- intro end -->\n\n\t\t\t\t<\/div>\n\t\t\t\t<\/div>\n\t\t\t\t\t<\/div>\n\t\t<\/div>\n\t\t\t\t\t\t\t<\/div>\n\t\t<\/section>\n\t\t\t\t<section class=\"elementor-section elementor-top-section elementor-element elementor-element-530d523 elementor-section-boxed elementor-section-height-default elementor-section-height-default\" data-id=\"530d523\" data-element_type=\"section\">\n\t\t\t\t\t\t<div class=\"elementor-container elementor-column-gap-default\">\n\t\t\t\t\t<div class=\"elementor-column elementor-col-100 elementor-top-column elementor-element elementor-element-c54e86b\" data-id=\"c54e86b\" data-element_type=\"column\">\n\t\t\t<div class=\"elementor-widget-wrap elementor-element-populated\">\n\t\t\t\t\t\t\t\t<section class=\"elementor-section elementor-inner-section elementor-element elementor-element-1ffd571 elementor-section-full_width elementor-section-height-default elementor-section-height-default\" data-id=\"1ffd571\" data-element_type=\"section\">\n\t\t\t\t\t\t<div class=\"elementor-container elementor-column-gap-no\">\n\t\t\t\t\t<div class=\"elementor-column elementor-col-50 elementor-inner-column elementor-element elementor-element-f15e4a5\" data-id=\"f15e4a5\" data-element_type=\"column\">\n\t\t\t<div class=\"elementor-widget-wrap elementor-element-populated\">\n\t\t\t\t\t\t\t\t<div class=\"elementor-element elementor-element-649b171 elementor-widget elementor-widget-lettery-about-us\" data-id=\"649b171\" data-element_type=\"widget\" data-widget_type=\"lettery-about-us.default\">\n\t\t\t\t<div class=\"elementor-widget-container\">\n\t\t\t\n\t\t\t\t<span class=\"mil-link mil-softened-60 mil-appearance mil-mb-30\">\n\t\t\t<span >\n\t\t\t\tLeistungen\t\t\t<\/span>\n\t\t<\/span>\n\t\t\n\t\t\n\t\t\t\t<\/div>\n\t\t\t\t<\/div>\n\t\t\t\t<div class=\"elementor-element elementor-element-f79690c elementor-headline--style-highlight elementor-widget elementor-widget-animated-headline\" data-id=\"f79690c\" data-element_type=\"widget\" data-settings=\"{&quot;highlighted_text&quot;:&quot;Experience&quot;,&quot;headline_style&quot;:&quot;highlight&quot;,&quot;marker&quot;:&quot;circle&quot;,&quot;loop&quot;:&quot;yes&quot;,&quot;highlight_animation_duration&quot;:1200,&quot;highlight_iteration_delay&quot;:8000}\" data-widget_type=\"animated-headline.default\">\n\t\t\t\t<div class=\"elementor-widget-container\">\n\t\t\t<link rel=\"stylesheet\" href=\"https:\/\/notion.ch\/wp-content\/plugins\/elementor-pro\/assets\/css\/widget-animated-headline.min.css\">\t\t<h1 class=\"elementor-headline\">\n\t\t\t\t\t<span class=\"elementor-headline-plain-text elementor-headline-text-wrapper\">Customer<\/span>\n\t\t\t\t<span class=\"elementor-headline-dynamic-wrapper elementor-headline-text-wrapper\">\n\t\t\t\t\t<span class=\"elementor-headline-dynamic-text elementor-headline-text-active\">Experience<\/span>\n\t\t\t\t<\/span>\n\t\t\t\t\t<span class=\"elementor-headline-plain-text elementor-headline-text-wrapper\">Optimierung<\/span>\n\t\t\t\t\t<\/h1>\n\t\t\t\t<\/div>\n\t\t\t\t<\/div>\n\t\t\t\t<div class=\"elementor-element elementor-element-f0cb3cc elementor-widget elementor-widget-lettery-description\" data-id=\"f0cb3cc\" data-element_type=\"widget\" data-widget_type=\"lettery-description.default\">\n\t\t\t\t<div class=\"elementor-widget-container\">\n\t\t\t\n\t\t\t\t<div class=\"mil-text mil-appearance mil-mb-30\">\n\t\t\t<div >\n\t\t\t\t<p>In der sich schnell entwickelnden digitalen Landschaft von heute steht die Optimierung der Customer Experience an der Spitze des Gesch\u00e4ftserfolgs online. Wir sind darauf spezialisiert, Kundeninteraktionen in einzigartige Erlebnisse zu verwandeln, indem wir modernste Technologie mit kundenorientiertem Design verbinden. Alles mit der Vision, Erlebnisse zu schaffen, die nicht nur begeistern, sondern auch eine dauerhafte Loyalit\u00e4t f\u00f6rdern. <\/p>\t\t\t<\/div>\n\t\t<\/div>\n\t\t\n\t\t\t\t<\/div>\n\t\t\t\t<\/div>\n\t\t\t\t<div class=\"elementor-element elementor-element-d243d9a elementor-widget elementor-widget-lettery-buttons\" data-id=\"d243d9a\" data-element_type=\"widget\" data-widget_type=\"lettery-buttons.default\">\n\t\t\t\t<div class=\"elementor-widget-container\">\n\t\t\t\t\t\n\t\t\t\t<!-- buttons -->\n\t\t<div class=\"mil-appearance\">\n\t\t\t\t\t\t\t\t\t<a href=\"\/de\/kontakt\" class=\"mil-button mil-button-lg mil-scale-down-trigger\">\n\t\t\t\t<span >\n\t\t\t\t\tGleich loslegen\t\t\t\t<\/span>\n\t\t\t<\/a>\n\t\t\t\t\t\t\t\t<\/div>\n\t\t<!-- buttons end -->\n\t\t\n\t\t\t\t<\/div>\n\t\t\t\t<\/div>\n\t\t\t\t\t<\/div>\n\t\t<\/div>\n\t\t\t\t<div class=\"elementor-column elementor-col-50 elementor-inner-column elementor-element elementor-element-562d0ce\" data-id=\"562d0ce\" data-element_type=\"column\">\n\t\t\t<div class=\"elementor-widget-wrap elementor-element-populated\">\n\t\t\t\t\t\t\t\t<div class=\"elementor-element elementor-element-ab2da05 elementor-widget elementor-widget-lettery-accordion\" data-id=\"ab2da05\" data-element_type=\"widget\" data-widget_type=\"lettery-accordion.default\">\n\t\t\t\t<div class=\"elementor-widget-container\">\n\t\t\t\t\t\n\t\t\t\t<div class=\"mil-accordion\">\n\t\t\t\t\t\t<div class=\"mil-accordion-group mil-appearance\">\n\t\t\t\t<div class=\"mil-accordion-menu\">\n\t\t\t\t\t\t\t\t\t\t<h6>\n\t\t\t\t\t\t<span >\n\t\t\t\t\t\t\tCXO Audit\t\t\t\t\t\t<\/span>\n\t\t\t\t\t<\/h6>\n\t\t\t\t\t\t\t\t\t\t<div class=\"mil-accordion-plus\">+<\/div>\n\t\t\t\t\t<div class=\"mil-accordion-minus\">-<\/div>\n\t\t\t\t<\/div>\n\t\t\t\t<div class=\"mil-accordion-content\">\n\t\t\t\t\t\t\t\t\t\t<div >\n\t\t\t\t\t\t<p>Unser CXO-Audit bietet eine umfassende Analyse Ihrer aktuellen Customer Experience-Aktivit\u00e4ten. Wir bewerten jeden Touchpoint und jede Interaktion, die eure Kunden mit eurer Marke haben, und identifizieren Bereiche mit St\u00e4rken und Verbesserungsm\u00f6glichkeiten. Die Ergebnisse dieses Audits sind umsetzbare Erkenntnisse und ein strategischer Fahrplan, der sicherstellt, dass euer Kundenerlebnis perfekt auf eure Gesch\u00e4ftsziele und Kundenerwartungen abgestimmt ist.<\/p>\t\t\t\t\t<\/div>\n\t\t\t\t\t\t\t\t\t<\/div>\n\t\t\t<\/div>\n\t\t\t\t\t\t<div class=\"mil-accordion-group mil-appearance\">\n\t\t\t\t<div class=\"mil-accordion-menu\">\n\t\t\t\t\t\t\t\t\t\t<h6>\n\t\t\t\t\t\t<span >\n\t\t\t\t\t\t\tResearch &amp; Analysis\t\t\t\t\t\t<\/span>\n\t\t\t\t\t<\/h6>\n\t\t\t\t\t\t\t\t\t\t<div class=\"mil-accordion-plus\">+<\/div>\n\t\t\t\t\t<div class=\"mil-accordion-minus\">-<\/div>\n\t\t\t\t<\/div>\n\t\t\t\t<div class=\"mil-accordion-content\">\n\t\t\t\t\t\t\t\t\t\t<div >\n\t\t\t\t\t\t<p>Wir befassen uns eingehend mit eurer Zielgruppe, Markttrends, dem Wettbewerbsumfeld und nat\u00fcrlich mit den eigenen Daten \u00fcber eure Besucher und Kunden, um wichtige Erkenntnisse zu gewinnen. Dieser Schritt ist entscheidend, bevor ihr konkrete Massnahmen ergreift. So stellt ihr sicher, dass die Customer-Experience-Initiativen datengesteuert und effektiv auf die Bed\u00fcrfnisse eurer Kunden zugeschnitten sind.<\/p>\t\t\t\t\t<\/div>\n\t\t\t\t\t\t\t\t\t<\/div>\n\t\t\t<\/div>\n\t\t\t\t\t\t<div class=\"mil-accordion-group mil-appearance\">\n\t\t\t\t<div class=\"mil-accordion-menu\">\n\t\t\t\t\t\t\t\t\t\t<h6>\n\t\t\t\t\t\t<span >\n\t\t\t\t\t\t\tCustomer Journey Mapping\t\t\t\t\t\t<\/span>\n\t\t\t\t\t<\/h6>\n\t\t\t\t\t\t\t\t\t\t<div class=\"mil-accordion-plus\">+<\/div>\n\t\t\t\t\t<div class=\"mil-accordion-minus\">-<\/div>\n\t\t\t\t<\/div>\n\t\t\t\t<div class=\"mil-accordion-content\">\n\t\t\t\t\t\t\t\t\t\t<div >\n\t\t\t\t\t\t<p>Wir visualisieren die gesamte Journey eurer Kunden: von der ersten Wahrnehmung bis zum Engagement nach dem Kauf. Wir identifizieren kritische Touchpoints und Emotionen, die in jeder Phase erlebt werden, und erm\u00f6glichen es dadurch, personalisierte und wirkungsvolle Kundeninteraktionen zu schaffen. Zudem dient diese Karte als wichtiges Instrument, um eure Bem\u00fchungen mit den Erwartungen eurer Kunden in Einklang zu bringen, mit dem Ziel, die Zufriedenheit und Loyalit\u00e4t zu erh\u00f6hen.<\/p>\t\t\t\t\t<\/div>\n\t\t\t\t\t\t\t\t\t<\/div>\n\t\t\t<\/div>\n\t\t\t\t\t\t<div class=\"mil-accordion-group mil-appearance\">\n\t\t\t\t<div class=\"mil-accordion-menu\">\n\t\t\t\t\t\t\t\t\t\t<h6>\n\t\t\t\t\t\t<span >\n\t\t\t\t\t\t\tMarTech stack setup\t\t\t\t\t\t<\/span>\n\t\t\t\t\t<\/h6>\n\t\t\t\t\t\t\t\t\t\t<div class=\"mil-accordion-plus\">+<\/div>\n\t\t\t\t\t<div class=\"mil-accordion-minus\">-<\/div>\n\t\t\t\t<\/div>\n\t\t\t\t<div class=\"mil-accordion-content\">\n\t\t\t\t\t\t\t\t\t\t<div >\n\t\t\t\t\t\t<p>Letztendlich sind wir Techies. Und wir lieben unsere Tools sowie deren m\u00f6glichst intelligente und automatisierte Integration, um das Beste aus ihnen herauszuholen. Wir helfen euch nicht nur bei der Auswahl der richtigen Tools f\u00fcr euer Unternehmen, sondern auch bei deren schneller und effizienter Implementierung, damit wir sie gleich in Betrieb nehmen k\u00f6nnen.<\/p>\t\t\t\t\t<\/div>\n\t\t\t\t\t\t\t\t\t<\/div>\n\t\t\t<\/div>\n\t\t\t\t\t\t<div class=\"mil-accordion-group mil-appearance\">\n\t\t\t\t<div class=\"mil-accordion-menu\">\n\t\t\t\t\t\t\t\t\t\t<h6>\n\t\t\t\t\t\t<span >\n\t\t\t\t\t\t\tOngoing Experimentation\t\t\t\t\t\t<\/span>\n\t\t\t\t\t<\/h6>\n\t\t\t\t\t\t\t\t\t\t<div class=\"mil-accordion-plus\">+<\/div>\n\t\t\t\t\t<div class=\"mil-accordion-minus\">-<\/div>\n\t\t\t\t<\/div>\n\t\t\t\t<div class=\"mil-accordion-content\">\n\t\t\t\t\t\t\t\t\t\t<div >\n\t\t\t\t\t\t<p>Bei CXO arbeiten wir stets mit einem kontinuierlichen Verbesserungsprozess, um Ihre Kundenerfahrungsstrategie umzusetzen. Dies gelingt uns durch st\u00e4ndiges Testen und Verfeinern verschiedener Elemente, vom Design der Benutzeroberfl\u00e4che bis hin zu personalisierten Kommunikationsstrategien. Indem wir eine Kultur des Experimentierens pflegen, helfen wir euch nicht nur, den Kundenerwartungen und Markttrends voraus zu sein, sondern stellen auch sicher, dass wir die Dinge tun, die f\u00fcr eure Kunden wirklich wichtig sind.<\/p>\t\t\t\t\t<\/div>\n\t\t\t\t\t\t\t\t\t<\/div>\n\t\t\t<\/div>\n\t\t\t\t\t<\/div>\n\t\t\n\t\t\t\t<\/div>\n\t\t\t\t<\/div>\n\t\t\t\t\t<\/div>\n\t\t<\/div>\n\t\t\t\t\t\t\t<\/div>\n\t\t<\/section>\n\t\t\t\t\t<\/div>\n\t\t<\/div>\n\t\t\t\t\t\t\t<\/div>\n\t\t<\/section>\n\t\t\t\t\t\t\t<\/div>\n\t\t","protected":false},"excerpt":{"rendered":"<p>Leistungen Customer Experience Optimierung In der sich schnell entwickelnden digitalen Landschaft von heute steht die Optimierung der Customer Experience an.. <span class=\"mil-el-more\"><a href=\"https:\/\/notion.ch\/de\/leistungen\/customer-experience-optimierung\/\" class=\"mil-button mil-button-lg\"><span>Read more<\/span><\/a><\/span><\/p>\n","protected":false},"author":1,"featured_media":0,"parent":2659,"menu_order":0,"comment_status":"closed","ping_status":"closed","template":"template-layout-builder.php","meta":{"inline_featured_image":false,"_monsterinsights_skip_tracking":false,"_monsterinsights_sitenote_active":false,"_monsterinsights_sitenote_note":"","_monsterinsights_sitenote_category":0,"footnotes":""},"acf":[],"aioseo_notices":[],"_links":{"self":[{"href":"https:\/\/notion.ch\/de\/wp-json\/wp\/v2\/pages\/2674"}],"collection":[{"href":"https:\/\/notion.ch\/de\/wp-json\/wp\/v2\/pages"}],"about":[{"href":"https:\/\/notion.ch\/de\/wp-json\/wp\/v2\/types\/page"}],"author":[{"embeddable":true,"href":"https:\/\/notion.ch\/de\/wp-json\/wp\/v2\/users\/1"}],"replies":[{"embeddable":true,"href":"https:\/\/notion.ch\/de\/wp-json\/wp\/v2\/comments?post=2674"}],"version-history":[{"count":10,"href":"https:\/\/notion.ch\/de\/wp-json\/wp\/v2\/pages\/2674\/revisions"}],"predecessor-version":[{"id":2831,"href":"https:\/\/notion.ch\/de\/wp-json\/wp\/v2\/pages\/2674\/revisions\/2831"}],"up":[{"embeddable":true,"href":"https:\/\/notion.ch\/de\/wp-json\/wp\/v2\/pages\/2659"}],"wp:attachment":[{"href":"https:\/\/notion.ch\/de\/wp-json\/wp\/v2\/media?parent=2674"}],"curies":[{"name":"wp","href":"https:\/\/api.w.org\/{rel}","templated":true}]}}