{"id":2668,"date":"2023-12-22T17:44:03","date_gmt":"2023-12-22T16:44:03","guid":{"rendered":"https:\/\/notion.ch\/leistungen\/conversion-optimierung-cro\/"},"modified":"2024-02-22T13:37:59","modified_gmt":"2024-02-22T12:37:59","slug":"conversion-optimierung-cro","status":"publish","type":"page","link":"https:\/\/notion.ch\/de\/leistungen\/conversion-optimierung-cro\/","title":{"rendered":"Conversion Optimierung (CRO)"},"content":{"rendered":"\t\t<div data-elementor-type=\"wp-page\" data-elementor-id=\"2668\" class=\"elementor elementor-2668 elementor-2368\" data-elementor-post-type=\"page\">\n\t\t\t\t\t\t\t\t\t<section class=\"elementor-section elementor-top-section elementor-element elementor-element-4238299 elementor-section-full_width elementor-section-height-default elementor-section-height-default\" data-id=\"4238299\" data-element_type=\"section\">\n\t\t\t\t\t\t<div class=\"elementor-container elementor-column-gap-no\">\n\t\t\t\t\t<div class=\"elementor-column elementor-col-100 elementor-top-column elementor-element elementor-element-fc7a198\" data-id=\"fc7a198\" data-element_type=\"column\">\n\t\t\t<div class=\"elementor-widget-wrap elementor-element-populated\">\n\t\t\t\t\t\t\t\t<div class=\"elementor-element elementor-element-9f1a704 elementor-widget elementor-widget-lettery-intro\" data-id=\"9f1a704\" data-element_type=\"widget\" data-widget_type=\"lettery-intro.default\">\n\t\t\t\t<div class=\"elementor-widget-container\">\n\t\t\t\n\t\t<!-- intro -->\n\t\t<div class=\"mil-small-banner\">\n\t\t\t<div class=\"mil-image-frame\">\n\t\t\t\t<!-- banner image -->\n\t\t\t\t\t\t\t\t<img decoding=\"async\" src=\"https:\/\/notion.ch\/wp-content\/uploads\/2023\/12\/services_background_3.jpg\" alt=\"\" class=\"mil-scale-img\" data-value-1=\".5\" data-value-2=\"1.2\" \/>\n\t\t\t\t\t\t\t\t<div class=\"mil-gradient-overlay-reverse\"><\/div>\n\t\t\t<\/div>\n\t\t<\/div>\n\n\t\t<div class=\"mil-spacer\"><\/div>\n\t\t<!-- intro end -->\n\n\t\t\t\t<\/div>\n\t\t\t\t<\/div>\n\t\t\t\t\t<\/div>\n\t\t<\/div>\n\t\t\t\t\t\t\t<\/div>\n\t\t<\/section>\n\t\t\t\t<section class=\"elementor-section elementor-top-section elementor-element elementor-element-530d523 elementor-section-boxed elementor-section-height-default elementor-section-height-default\" data-id=\"530d523\" data-element_type=\"section\">\n\t\t\t\t\t\t<div class=\"elementor-container elementor-column-gap-default\">\n\t\t\t\t\t<div class=\"elementor-column elementor-col-100 elementor-top-column elementor-element elementor-element-c54e86b\" data-id=\"c54e86b\" data-element_type=\"column\">\n\t\t\t<div class=\"elementor-widget-wrap elementor-element-populated\">\n\t\t\t\t\t\t\t\t<section class=\"elementor-section elementor-inner-section elementor-element elementor-element-1ffd571 elementor-section-full_width elementor-section-height-default elementor-section-height-default\" data-id=\"1ffd571\" data-element_type=\"section\">\n\t\t\t\t\t\t<div class=\"elementor-container elementor-column-gap-no\">\n\t\t\t\t\t<div class=\"elementor-column elementor-col-50 elementor-inner-column elementor-element elementor-element-f15e4a5\" data-id=\"f15e4a5\" data-element_type=\"column\">\n\t\t\t<div class=\"elementor-widget-wrap elementor-element-populated\">\n\t\t\t\t\t\t\t\t<div class=\"elementor-element elementor-element-649b171 elementor-widget elementor-widget-lettery-about-us\" data-id=\"649b171\" data-element_type=\"widget\" data-widget_type=\"lettery-about-us.default\">\n\t\t\t\t<div class=\"elementor-widget-container\">\n\t\t\t\n\t\t\t\t<span class=\"mil-link mil-softened-60 mil-appearance mil-mb-30\">\n\t\t\t<span >\n\t\t\t\tLeistungen\t\t\t<\/span>\n\t\t<\/span>\n\t\t\n\t\t\n\t\t\t\t<\/div>\n\t\t\t\t<\/div>\n\t\t\t\t<div class=\"elementor-element elementor-element-f79690c elementor-headline--style-highlight elementor-widget elementor-widget-animated-headline\" data-id=\"f79690c\" data-element_type=\"widget\" data-settings=\"{&quot;highlighted_text&quot;:&quot;Conversion&quot;,&quot;headline_style&quot;:&quot;highlight&quot;,&quot;marker&quot;:&quot;circle&quot;,&quot;loop&quot;:&quot;yes&quot;,&quot;highlight_animation_duration&quot;:1200,&quot;highlight_iteration_delay&quot;:8000}\" data-widget_type=\"animated-headline.default\">\n\t\t\t\t<div class=\"elementor-widget-container\">\n\t\t\t<link rel=\"stylesheet\" href=\"https:\/\/notion.ch\/wp-content\/plugins\/elementor-pro\/assets\/css\/widget-animated-headline.min.css\">\t\t<h3 class=\"elementor-headline\">\n\t\t\t\t<span class=\"elementor-headline-dynamic-wrapper elementor-headline-text-wrapper\">\n\t\t\t\t\t<span class=\"elementor-headline-dynamic-text elementor-headline-text-active\">Conversion<\/span>\n\t\t\t\t<\/span>\n\t\t\t\t\t<span class=\"elementor-headline-plain-text elementor-headline-text-wrapper\">Optimierung<\/span>\n\t\t\t\t\t<\/h3>\n\t\t\t\t<\/div>\n\t\t\t\t<\/div>\n\t\t\t\t<div class=\"elementor-element elementor-element-f0cb3cc elementor-widget elementor-widget-lettery-description\" data-id=\"f0cb3cc\" data-element_type=\"widget\" data-widget_type=\"lettery-description.default\">\n\t\t\t\t<div class=\"elementor-widget-container\">\n\t\t\t\n\t\t\t\t<div class=\"mil-text mil-appearance mil-mb-30\">\n\t\t\t<div >\n\t\t\t\t<p>Bei Experimentation und CRO geht es darum, eine 100% datengetriebene Kultur und Arbeitsweise zu schaffen und zu formen. Seid ihr gerade dabei, sich auf diese Reise zu begeben, oder braucht ihr Unterst\u00fctzung oder Kurskorrekturen auf dem Weg dorthin? Dann seid ihr am richtigen Ort gelandet.<\/p>\t\t\t<\/div>\n\t\t<\/div>\n\t\t\n\t\t\t\t<\/div>\n\t\t\t\t<\/div>\n\t\t\t\t<div class=\"elementor-element elementor-element-d243d9a elementor-widget elementor-widget-lettery-buttons\" data-id=\"d243d9a\" data-element_type=\"widget\" data-widget_type=\"lettery-buttons.default\">\n\t\t\t\t<div class=\"elementor-widget-container\">\n\t\t\t\t\t\n\t\t\t\t<!-- buttons -->\n\t\t<div class=\"mil-appearance\">\n\t\t\t\t\t\t\t\t\t<a href=\"\/de\/kontakt\" class=\"mil-button mil-button-lg mil-scale-down-trigger\">\n\t\t\t\t<span >\n\t\t\t\t\tKontaktiere uns\t\t\t\t<\/span>\n\t\t\t<\/a>\n\t\t\t\t\t\t\t\t<\/div>\n\t\t<!-- buttons end -->\n\t\t\n\t\t\t\t<\/div>\n\t\t\t\t<\/div>\n\t\t\t\t\t<\/div>\n\t\t<\/div>\n\t\t\t\t<div class=\"elementor-column elementor-col-50 elementor-inner-column elementor-element elementor-element-562d0ce\" data-id=\"562d0ce\" data-element_type=\"column\">\n\t\t\t<div class=\"elementor-widget-wrap elementor-element-populated\">\n\t\t\t\t\t\t\t\t<div class=\"elementor-element elementor-element-ab2da05 elementor-widget elementor-widget-lettery-accordion\" data-id=\"ab2da05\" data-element_type=\"widget\" data-widget_type=\"lettery-accordion.default\">\n\t\t\t\t<div class=\"elementor-widget-container\">\n\t\t\t\t\t\n\t\t\t\t<div class=\"mil-accordion\">\n\t\t\t\t\t\t<div class=\"mil-accordion-group mil-appearance\">\n\t\t\t\t<div class=\"mil-accordion-menu\">\n\t\t\t\t\t\t\t\t\t\t<h6>\n\t\t\t\t\t\t<span >\n\t\t\t\t\t\t\tCRO Audit\t\t\t\t\t\t<\/span>\n\t\t\t\t\t<\/h6>\n\t\t\t\t\t\t\t\t\t\t<div class=\"mil-accordion-plus\">+<\/div>\n\t\t\t\t\t<div class=\"mil-accordion-minus\">-<\/div>\n\t\t\t\t<\/div>\n\t\t\t\t<div class=\"mil-accordion-content\">\n\t\t\t\t\t\t\t\t\t\t<div >\n\t\t\t\t\t\t<p>Der CRO-Audit bietet eine gr\u00fcndliche Untersuchung der aktuellen Strategien zur Conversion-Rate-Optimierung Ihrer Website und zeigt M\u00f6glichkeiten f\u00fcr Wachstum und Optimierung auf. Wir befassen uns eingehend mit den Analysen, der Benutzererfahrung und der Gesamtleistung eurer Website, um Verbesserungsm\u00f6glichkeiten zu ermitteln. Indem wir verborgene Herausforderungen und M\u00f6glichkeiten aufdecken, liefern wir umsetzbare Erkenntnisse und Empfehlungen zur Verbesserung der Effektivit\u00e4t und des Konversionspotenzials Ihrer Website. Dieser Audit ist der erste Schritt auf dem Weg zu einer datengesteuerten und nutzerorientierten Online-Pr\u00e4senz.<\/p>\t\t\t\t\t<\/div>\n\t\t\t\t\t\t\t\t\t<\/div>\n\t\t\t<\/div>\n\t\t\t\t\t\t<div class=\"mil-accordion-group mil-appearance\">\n\t\t\t\t<div class=\"mil-accordion-menu\">\n\t\t\t\t\t\t\t\t\t\t<h6>\n\t\t\t\t\t\t<span >\n\t\t\t\t\t\t\tCRO Prozess &amp; Tooling\t\t\t\t\t\t<\/span>\n\t\t\t\t\t<\/h6>\n\t\t\t\t\t\t\t\t\t\t<div class=\"mil-accordion-plus\">+<\/div>\n\t\t\t\t\t<div class=\"mil-accordion-minus\">-<\/div>\n\t\t\t\t<\/div>\n\t\t\t\t<div class=\"mil-accordion-content\">\n\t\t\t\t\t\t\t\t\t\t<div >\n\t\t\t\t\t\t<p>Der CRO Prozess &amp; Tooling Setup ist darauf ausgerichtet, eine solide Grundlage f\u00fcr eure laufenden Optimierungsbem\u00fchungen zu schaffen. Wir unterst\u00fctzen euch bei der Implementierung der richtigen Tools und Prozesse, um eure CRO-Aktivit\u00e4ten zu optimieren. Dazu geh\u00f6rt die Einrichtung von fortschrittlichen Analysen, A\/B-Testing-Plattformen, Testticket-Management-Systemen und Tools zur Analyse des Nutzerverhaltens. Unser Ziel ist es, euer Team mit den notwendigen Ressourcen und Arbeitsabl\u00e4ufen auszustatten, um die Leistung eurer Website und das Nutzererlebnis kontinuierlich zu verbessern.<\/p>\t\t\t\t\t<\/div>\n\t\t\t\t\t\t\t\t\t<\/div>\n\t\t\t<\/div>\n\t\t\t\t\t\t<div class=\"mil-accordion-group mil-appearance\">\n\t\t\t\t<div class=\"mil-accordion-menu\">\n\t\t\t\t\t\t\t\t\t\t<h6>\n\t\t\t\t\t\t<span >\n\t\t\t\t\t\t\tExperiment Design &amp; Build\t\t\t\t\t\t<\/span>\n\t\t\t\t\t<\/h6>\n\t\t\t\t\t\t\t\t\t\t<div class=\"mil-accordion-plus\">+<\/div>\n\t\t\t\t\t<div class=\"mil-accordion-minus\">-<\/div>\n\t\t\t\t<\/div>\n\t\t\t\t<div class=\"mil-accordion-content\">\n\t\t\t\t\t\t\t\t\t\t<div >\n\t\t\t\t\t\t<p>Hier werden konkrete Fortschritte erzielt. Wir arbeiten an der Erstellung und Implementierung effektiver A\/B- oder Multivariant-Tests. Wir arbeiten eng mit euch zusammen, um Hypothesen auf der Grundlage datengest\u00fctzter Erkenntnisse zu formulieren, Experimente zu entwerfen, um diese Hypothesen zu testen, und den erforderlichen Code zu erstellen, um diese Tests in Ihrer Umgebung durchzuf\u00fchren. Dieser Service ist der Schl\u00fcssel zur systematischen Verbesserung eurer Website und stellt sicher, dass jede \u00c4nderung positiv zu euren Conversion-Zielen beitr\u00e4gt.<\/p>\t\t\t\t\t<\/div>\n\t\t\t\t\t\t\t\t\t<\/div>\n\t\t\t<\/div>\n\t\t\t\t\t\t<div class=\"mil-accordion-group mil-appearance\">\n\t\t\t\t<div class=\"mil-accordion-menu\">\n\t\t\t\t\t\t\t\t\t\t<h6>\n\t\t\t\t\t\t<span >\n\t\t\t\t\t\t\tCRO &amp; Experimentation Program\t\t\t\t\t\t<\/span>\n\t\t\t\t\t<\/h6>\n\t\t\t\t\t\t\t\t\t\t<div class=\"mil-accordion-plus\">+<\/div>\n\t\t\t\t\t<div class=\"mil-accordion-minus\">-<\/div>\n\t\t\t\t<\/div>\n\t\t\t\t<div class=\"mil-accordion-content\">\n\t\t\t\t\t\t\t\t\t\t<div >\n\t\t\t\t\t\t<p>Das ist der beste Teil dessen, was wir euch bieten k\u00f6nnen. \u00dcberlasst uns die Schl\u00fcssel und lasst uns euer Experimentierprogramm vollst\u00e4ndig betreuen - einschliesslich Prozess, Ideenfindung, Testdurchf\u00fchrung, laufender Analyse und Resultatsberichterstattung. Wir arbeiten dann als euer externes Kompetenzzentrum f\u00fcr Experimentation, das kontinuierlich die Wirkung und die Conversion steigert.<\/p>\t\t\t\t\t<\/div>\n\t\t\t\t\t\t\t\t\t<\/div>\n\t\t\t<\/div>\n\t\t\t\t\t\t<div class=\"mil-accordion-group mil-appearance\">\n\t\t\t\t<div class=\"mil-accordion-menu\">\n\t\t\t\t\t\t\t\t\t\t<h6>\n\t\t\t\t\t\t<span >\n\t\t\t\t\t\t\tExperimentation Culture Building\t\t\t\t\t\t<\/span>\n\t\t\t\t\t<\/h6>\n\t\t\t\t\t\t\t\t\t\t<div class=\"mil-accordion-plus\">+<\/div>\n\t\t\t\t\t<div class=\"mil-accordion-minus\">-<\/div>\n\t\t\t\t<\/div>\n\t\t\t\t<div class=\"mil-accordion-content\">\n\t\t\t\t\t\t\t\t\t\t<div >\n\t\t\t\t\t\t<p>Der Aufbau einer Experimentierkultur zielt darauf ab, in eurem Unternehmen eine Mentalit\u00e4t der st\u00e4ndigen Verbesserung zu f\u00f6rdern. Wir helfen euch dabei, eine Kultur zu schaffen, in der datengest\u00fctzte Entscheidungsfindung und Experimente den Kern eurer Gesch\u00e4ftsstrategie bilden. Dazu geh\u00f6rt die Schulung eures Teams, die Einf\u00fchrung von Best Practices und die Schaffung eines Umfelds, das Innovationen und das Lernen aus Erfolgen und Misserfolgen beg\u00fcnstigt. Dieser Service ver\u00e4ndert die Art und Weise, wie euer Team an Herausforderungen und Chancen herangeht, und f\u00fchrt zu nachhaltigem Wachstum und Erfolg.<\/p>\t\t\t\t\t<\/div>\n\t\t\t\t\t\t\t\t\t<\/div>\n\t\t\t<\/div>\n\t\t\t\t\t<\/div>\n\t\t\n\t\t\t\t<\/div>\n\t\t\t\t<\/div>\n\t\t\t\t\t<\/div>\n\t\t<\/div>\n\t\t\t\t\t\t\t<\/div>\n\t\t<\/section>\n\t\t\t\t\t<\/div>\n\t\t<\/div>\n\t\t\t\t\t\t\t<\/div>\n\t\t<\/section>\n\t\t\t\t\t\t\t<\/div>\n\t\t","protected":false},"excerpt":{"rendered":"<p>Leistungen Conversion Optimierung Bei Experimentation und CRO geht es darum, eine 100% datengetriebene Kultur und Arbeitsweise zu schaffen und zu.. <span class=\"mil-el-more\"><a href=\"https:\/\/notion.ch\/de\/leistungen\/conversion-optimierung-cro\/\" class=\"mil-button mil-button-lg\"><span>Read more<\/span><\/a><\/span><\/p>\n","protected":false},"author":1,"featured_media":0,"parent":2659,"menu_order":0,"comment_status":"closed","ping_status":"closed","template":"template-layout-builder.php","meta":{"inline_featured_image":false,"_monsterinsights_skip_tracking":false,"_monsterinsights_sitenote_active":false,"_monsterinsights_sitenote_note":"","_monsterinsights_sitenote_category":0,"footnotes":""},"acf":[],"aioseo_notices":[],"_links":{"self":[{"href":"https:\/\/notion.ch\/de\/wp-json\/wp\/v2\/pages\/2668"}],"collection":[{"href":"https:\/\/notion.ch\/de\/wp-json\/wp\/v2\/pages"}],"about":[{"href":"https:\/\/notion.ch\/de\/wp-json\/wp\/v2\/types\/page"}],"author":[{"embeddable":true,"href":"https:\/\/notion.ch\/de\/wp-json\/wp\/v2\/users\/1"}],"replies":[{"embeddable":true,"href":"https:\/\/notion.ch\/de\/wp-json\/wp\/v2\/comments?post=2668"}],"version-history":[{"count":7,"href":"https:\/\/notion.ch\/de\/wp-json\/wp\/v2\/pages\/2668\/revisions"}],"predecessor-version":[{"id":2828,"href":"https:\/\/notion.ch\/de\/wp-json\/wp\/v2\/pages\/2668\/revisions\/2828"}],"up":[{"embeddable":true,"href":"https:\/\/notion.ch\/de\/wp-json\/wp\/v2\/pages\/2659"}],"wp:attachment":[{"href":"https:\/\/notion.ch\/de\/wp-json\/wp\/v2\/media?parent=2668"}],"curies":[{"name":"wp","href":"https:\/\/api.w.org\/{rel}","templated":true}]}}